{"id":185570,"date":"2024-03-20T11:37:40","date_gmt":"2024-03-20T10:37:40","guid":{"rendered":"https:\/\/www.jagdfallen-steingraf.de\/?post_type=product&#038;p=185570"},"modified":"2025-01-16T10:35:28","modified_gmt":"2025-01-16T09:35:28","slug":"nutriafalle-100cm","status":"publish","type":"product","link":"https:\/\/www.jagdfallen-steingraf.de\/?product=nutriafalle-100cm","title":{"rendered":"Nutriafalle (100cm)"},"content":{"rendered":"<p>Unsere Nutriafalle ist eine klassische Kastenfalle aus extrem witterungsbest\u00e4ndigem Hart-Kunststoff und eignet sich deshalb hervorragend zum Fang von Nutria, Waschb\u00e4r und \u00e4hnlich gro\u00dfen Tieren.<\/p>\n<p>Im Gegensatz zur herk\u00f6mmlichen Kastenfallen aus Holz, kann diese Nutriafalle bedenkenlos auch in Feuchtgebieten verwendet werden.<\/p>\n<p>Das Material dieser Nutriafalle ist Sto\u00df- und Kratzfest sowie extrem Witterungsbest\u00e4ndig, weder Hitze, Licht und Wasser k\u00f6nnen die Funktion dieser Falle beeintr\u00e4chtigen.<\/p>\n<p><span style=\"color: #008000;\"><strong>Unsere Nutriafalle ist bereits fertig montiert und Sie k\u00f6nnen sie sofort aufstellen!!!<\/strong><\/span><\/p>\n<p>Alle Fallen sind zu 100% von uns in Deutschland handgefertigt. Hierbei handelt es sich nicht um Importe aus Osteuropa.<\/p>\n<h4>Hinweise!<\/h4>\n<ul>\n<li>Achten Sie auf einen geeigneten Aufstellplatz und kontrollieren Sie die Lebendfalle regelm\u00e4\u00dfig.<\/li>\n<li>Bitte beachten Sie die jeweils g\u00fcltigen Jagdgesetze in Ihrem Bundesland!<\/li>\n<li>Zus\u00e4tzliche Informationen \u00fcber die Fangjagd finden Sie <a href=\"https:\/\/www.jagdverband.de\/sites\/default\/files\/DJV_Wissenswertes_zur_Fangjagd_Web.pdf\"><span style=\"color: #008000;\"><strong>hier<\/strong><\/span><\/a>.<\/li>\n<\/ul>\n<p><strong>Herstellerinformationen:<\/strong><\/p>\n<p>Jagdfallen Steingraf, Berliner Stra\u00dfe 32, 15378 Hennickendorf, Telefon: 033434 801400, E-Mail: shop@jagdfallen.eu<\/p>\n<p><span style=\"font-size: 12pt; font-family: arial, helvetica, sans-serif;\">\u00a0<\/span><\/p>\n","protected":false},"excerpt":{"rendered":"<p>Unsere Nutriafalle ist eine klassische Kastenfalle aus extrem witterungsbest\u00e4ndigem Hart-Kunststoff und eignet sich deshalb hervorragend zum Fang von Nutria, Waschb\u00e4r und \u00e4hnlich gro\u00dfen Tieren.<\/p>\n<p>&nbsp;<\/p>\n","protected":false},"featured_media":185574,"template":"","meta":[],"product_brand":[],"product_cat":[1840],"product_tag":[1879,1927,2030,2031],"class_list":{"0":"post-185570","1":"product","2":"type-product","3":"status-publish","4":"has-post-thumbnail","6":"product_cat-nutriafallen","7":"product_tag-kastenfalle","8":"product_tag-waschbaerfalle","9":"product_tag-nuriafalle","10":"product_tag-nutria","11":"pif-has-gallery","13":"first","14":"outofstock","15":"taxable","16":"shipping-taxable","17":"purchasable","18":"product-type-simple"},"_links":{"self":[{"href":"https:\/\/www.jagdfallen-steingraf.de\/index.php?rest_route=\/wp\/v2\/product\/185570","targetHints":{"allow":["GET"]}}],"collection":[{"href":"https:\/\/www.jagdfallen-steingraf.de\/index.php?rest_route=\/wp\/v2\/product"}],"about":[{"href":"https:\/\/www.jagdfallen-steingraf.de\/index.php?rest_route=\/wp\/v2\/types\/product"}],"version-history":[{"count":3,"href":"https:\/\/www.jagdfallen-steingraf.de\/index.php?rest_route=\/wp\/v2\/product\/185570\/revisions"}],"predecessor-version":[{"id":186788,"href":"https:\/\/www.jagdfallen-steingraf.de\/index.php?rest_route=\/wp\/v2\/product\/185570\/revisions\/186788"}],"wp:featuredmedia":[{"embeddable":true,"href":"https:\/\/www.jagdfallen-steingraf.de\/index.php?rest_route=\/wp\/v2\/media\/185574"}],"wp:attachment":[{"href":"https:\/\/www.jagdfallen-steingraf.de\/index.php?rest_route=%2Fwp%2Fv2%2Fmedia&parent=185570"}],"wp:term":[{"taxonomy":"product_brand","embeddable":true,"href":"https:\/\/www.jagdfallen-steingraf.de\/index.php?rest_route=%2Fwp%2Fv2%2Fproduct_brand&post=185570"},{"taxonomy":"product_cat","embeddable":true,"href":"https:\/\/www.jagdfallen-steingraf.de\/index.php?rest_route=%2Fwp%2Fv2%2Fproduct_cat&post=185570"},{"taxonomy":"product_tag","embeddable":true,"href":"https:\/\/www.jagdfallen-steingraf.de\/index.php?rest_route=%2Fwp%2Fv2%2Fproduct_tag&post=185570"}],"curies":[{"name":"wp","href":"https:\/\/api.w.org\/{rel}","templated":true}]}}