{"id":185276,"date":"2023-12-12T16:12:48","date_gmt":"2023-12-12T15:12:48","guid":{"rendered":"https:\/\/www.jagdfallen-steingraf.de\/?post_type=product&#038;p=185276"},"modified":"2025-08-07T10:41:51","modified_gmt":"2025-08-07T08:41:51","slug":"abfangnetz","status":"publish","type":"product","link":"https:\/\/www.jagdfallen-steingraf.de\/?product=abfangnetz","title":{"rendered":"Abfangnetz"},"content":{"rendered":"<p>Seit geraumer Zeit und auf Wunsch unserer Alt-J\u00e4ger, haben wir das Abfangnetz\u00a0 wider in unser Sortiment aufgenommen.<\/p>\n<p>Dieses bew\u00e4hrt sich bereits seit \u00fcber 50 Jahren.<\/p>\n<p>Ein besonderer Vorteil ist, dass es platzsparend Transportiert werden kann. Das Abfangnetz l\u00e4sst sich leicht und sicher an unsere Fallen befestigen.<\/p>\n<p>Abgefangene Tiere, lassen sich leicht im Abfangnetz justieren, indem man auf das Netzt tritt und den R\u00fcckweg in die Falle versperrt.<\/p>\n<p>Universale Gr\u00f6\u00dfe, passend f\u00fcr unser Cat und Fox Modelle soweit f\u00fcr unsere Betonfalle.<\/p>\n<p>Sollten Sie fragen haben, z\u00f6gern Sie nicht und kontaktieren Sie uns. Wir helfen <em>Ihnen<\/em> gerne weiter.<\/p>\n<p><strong>Herstellerinformationen:<\/strong><\/p>\n<p>Jagdfallen Steingraf, Berliner Stra\u00dfe 32, 15378 Hennickendorf, Telefon: 033434 801400, E-Mail: shop@jagdfallen.eu<\/p>\n","protected":false},"excerpt":{"rendered":"<p>Das Abfangnetz l\u00e4sst sich leicht und sicher an unsere Fallen befestigen. Passend f\u00fcr unsere Cat und Fox Modelle sowie f\u00fcr unsere Betonfalle.<\/p>\n","protected":false},"featured_media":185285,"template":"","meta":[],"product_brand":[],"product_cat":[627],"product_tag":[2023,2024],"class_list":{"0":"post-185276","1":"product","2":"type-product","3":"status-publish","4":"has-post-thumbnail","6":"product_cat-zubehoer","7":"product_tag-anfangkorb","8":"product_tag-abfangnetz","9":"product_shipping_class-abfangkasten","10":"pif-has-gallery","12":"first","13":"instock","14":"taxable","15":"shipping-taxable","16":"purchasable","17":"product-type-simple"},"_links":{"self":[{"href":"https:\/\/www.jagdfallen-steingraf.de\/index.php?rest_route=\/wp\/v2\/product\/185276","targetHints":{"allow":["GET"]}}],"collection":[{"href":"https:\/\/www.jagdfallen-steingraf.de\/index.php?rest_route=\/wp\/v2\/product"}],"about":[{"href":"https:\/\/www.jagdfallen-steingraf.de\/index.php?rest_route=\/wp\/v2\/types\/product"}],"version-history":[{"count":3,"href":"https:\/\/www.jagdfallen-steingraf.de\/index.php?rest_route=\/wp\/v2\/product\/185276\/revisions"}],"predecessor-version":[{"id":187330,"href":"https:\/\/www.jagdfallen-steingraf.de\/index.php?rest_route=\/wp\/v2\/product\/185276\/revisions\/187330"}],"wp:featuredmedia":[{"embeddable":true,"href":"https:\/\/www.jagdfallen-steingraf.de\/index.php?rest_route=\/wp\/v2\/media\/185285"}],"wp:attachment":[{"href":"https:\/\/www.jagdfallen-steingraf.de\/index.php?rest_route=%2Fwp%2Fv2%2Fmedia&parent=185276"}],"wp:term":[{"taxonomy":"product_brand","embeddable":true,"href":"https:\/\/www.jagdfallen-steingraf.de\/index.php?rest_route=%2Fwp%2Fv2%2Fproduct_brand&post=185276"},{"taxonomy":"product_cat","embeddable":true,"href":"https:\/\/www.jagdfallen-steingraf.de\/index.php?rest_route=%2Fwp%2Fv2%2Fproduct_cat&post=185276"},{"taxonomy":"product_tag","embeddable":true,"href":"https:\/\/www.jagdfallen-steingraf.de\/index.php?rest_route=%2Fwp%2Fv2%2Fproduct_tag&post=185276"}],"curies":[{"name":"wp","href":"https:\/\/api.w.org\/{rel}","templated":true}]}}