{"id":185270,"date":"2023-12-12T12:37:00","date_gmt":"2023-12-12T11:37:00","guid":{"rendered":"https:\/\/www.jagdfallen-steingraf.de\/?post_type=product&#038;p=185270"},"modified":"2025-08-07T10:27:48","modified_gmt":"2025-08-07T08:27:48","slug":"waschbaerfalle-mit-greifausloesung","status":"publish","type":"product","link":"https:\/\/www.jagdfallen-steingraf.de\/?product=waschbaerfalle-mit-greifausloesung","title":{"rendered":"Waschb\u00e4rfalle &#8211; Cat 5 (140cm) mit Greifausl\u00f6sung"},"content":{"rendered":"<p><span style=\"color: #ff0000;\"><strong> Diese Falle, eignet sich nur zum Fang von Waschb\u00e4ren!<\/strong><\/span><\/p>\n<p>L\u00e4nge f\u00e4ngt! Dies haben wir uns bei unserer Waschb\u00e4rfalle &#8211; Cat5 zu Herzen genommen.<\/p>\n<p>Diese Waschb\u00e4rfalle ist eine spezielle Kastenfalle und eignet sich daher, hervorragend zum Fang von Waschb\u00e4ren.<\/p>\n<p>An der Oberseite befindet sich eine verschlie\u00dfbare \u00d6ffnung\u00a0 zum Einlegen der K\u00f6der. Die Ausl\u00f6sung erfolgt \u00fcber eine Greifausl\u00f6sung, welche sich im K\u00f6derkasten befindet.<\/p>\n<p>Ein Drahtgittereinsatz an der Oberseite der Falle, erm\u00f6glicht Ihnen eine sichere Fangkontrolle.<\/p>\n<p>F\u00fcr einen einfachen und sichern Transport, verf\u00fcgt die Falle \u00fcber zwei Tragegriffe.<\/p>\n<p>Des weiteren, haben wir eine zus\u00e4tzliche Waschb\u00e4rsicherung an jeder Klappe verbaut.<\/p>\n<p>Zur besseren Tarnung k\u00f6nnen Sie den Boden der Lebendfalle komplett mit Sand, Erde, Laub, Tannennadeln oder unserem Spezial-Falleneinstreu verblenden. Gerne k\u00f6nnen Sie uns kontaktieren und wir geben Ihnen weitere Tipps zur Fallenjagd.<\/p>\n<p><span class=\"a-list-item\">Um den Stress der gefangenen Tiere zu verringern, m\u00fcssen Lebendfallen gem\u00e4\u00df den g\u00fcltigen Jagdgesetzen abgedunkelt sein. Alle unsere Fallen entsprechen den aktuellen Jagdgesetzen. Auch in den Gr\u00f6\u00dfen, entsprechen alle unsere Fallen den gesetzlichen Vorgaben. <\/span><\/p>\n<p>F\u00fcr die Herstellung der Waschb\u00e4rfalle &#8211; Cat 5 w\u00e4hlen wir alle Materialien sehr sorgsam aus, deshalb verarbeiten wir ausschlie\u00dflich europ\u00e4ische Siebdruckplatten. Diese werden auch im Fahrzeugbau verwendet. Dadurch ist die Falle nicht nur wetterfest, sondern auch sehr stabil und extrem langlebig. Diese Falle ist seit vielen Jahren in verschiedenen Jagdrevieren im Einsatz.\u00a0 Durch ihre robuste Bauweise und die enorm hohen Fangerfolge hat sie sich dort schon bestens bew\u00e4hrt.<\/p>\n<p>Alle Fallen sind zu 100% von uns in Deutschland handgefertigt. Hierbei handelt es sich nicht um Importe aus Osteuropa.<\/p>\n<p><strong>Gratis zur Waschb\u00e4rfalle: 30g von unserem Lockmittel Predagel!<\/strong><\/p>\n<p><span style=\"color: #008000;\"><strong>Unsere Waschb\u00e4rfalle ist bereits fertig montiert und Sie k\u00f6nnen sie sofort aufstellen!<\/strong><\/span><\/p>\n<p><strong>Hinweise!<\/strong><\/p>\n<ul>\n<li>Achten Sie auf einen geeigneten Aufstellplatz und kontrollieren Sie die Lebendfalle regelm\u00e4\u00dfig.<\/li>\n<li>Bitte beachten Sie die jeweils g\u00fcltigen Jagdgesetze in Ihrem Bundesland !<\/li>\n<li>Zus\u00e4tzliche Informationen \u00fcber die Fangjagd finden Sie <a href=\"https:\/\/www.jagdverband.de\/sites\/default\/files\/DJV_Wissenswertes_zur_Fangjagd_Web.pdf\"><span style=\"color: #008000;\"><strong>hier<\/strong><\/span><\/a>.<\/li>\n<\/ul>\n<p><strong>Herstellerinformationen:<\/strong><\/p>\n<p>Jagdfallen Steingraf, Berliner Stra\u00dfe 32, 15378 Hennickendorf, Telefon: 033434 801400, E-Mail: shop@jagdfallen.eu<\/p>\n","protected":false},"excerpt":{"rendered":"<p>Unsere Waschb\u00e4rfalle Cat 5, eignet sich nur zum Fangen von Waschb\u00e4ren!!!<\/p>\n","protected":false},"featured_media":185295,"template":"","meta":[],"product_brand":[],"product_cat":[578],"product_tag":[1926,1927],"class_list":{"0":"post-185270","1":"product","2":"type-product","3":"status-publish","4":"has-post-thumbnail","6":"product_cat-waschbaerfallen","7":"product_tag-waschbaer","8":"product_tag-waschbaerfalle","9":"product_shipping_class-waschbaerfalle","10":"pif-has-gallery","12":"first","13":"instock","14":"taxable","15":"shipping-taxable","16":"purchasable","17":"product-type-simple"},"_links":{"self":[{"href":"https:\/\/www.jagdfallen-steingraf.de\/index.php?rest_route=\/wp\/v2\/product\/185270","targetHints":{"allow":["GET"]}}],"collection":[{"href":"https:\/\/www.jagdfallen-steingraf.de\/index.php?rest_route=\/wp\/v2\/product"}],"about":[{"href":"https:\/\/www.jagdfallen-steingraf.de\/index.php?rest_route=\/wp\/v2\/types\/product"}],"version-history":[{"count":4,"href":"https:\/\/www.jagdfallen-steingraf.de\/index.php?rest_route=\/wp\/v2\/product\/185270\/revisions"}],"predecessor-version":[{"id":187329,"href":"https:\/\/www.jagdfallen-steingraf.de\/index.php?rest_route=\/wp\/v2\/product\/185270\/revisions\/187329"}],"wp:featuredmedia":[{"embeddable":true,"href":"https:\/\/www.jagdfallen-steingraf.de\/index.php?rest_route=\/wp\/v2\/media\/185295"}],"wp:attachment":[{"href":"https:\/\/www.jagdfallen-steingraf.de\/index.php?rest_route=%2Fwp%2Fv2%2Fmedia&parent=185270"}],"wp:term":[{"taxonomy":"product_brand","embeddable":true,"href":"https:\/\/www.jagdfallen-steingraf.de\/index.php?rest_route=%2Fwp%2Fv2%2Fproduct_brand&post=185270"},{"taxonomy":"product_cat","embeddable":true,"href":"https:\/\/www.jagdfallen-steingraf.de\/index.php?rest_route=%2Fwp%2Fv2%2Fproduct_cat&post=185270"},{"taxonomy":"product_tag","embeddable":true,"href":"https:\/\/www.jagdfallen-steingraf.de\/index.php?rest_route=%2Fwp%2Fv2%2Fproduct_tag&post=185270"}],"curies":[{"name":"wp","href":"https:\/\/api.w.org\/{rel}","templated":true}]}}