{"id":184439,"date":"2023-01-20T07:42:32","date_gmt":"2023-01-20T06:42:32","guid":{"rendered":"https:\/\/www.jagdfallen-steingraf.de\/?post_type=product&#038;p=184439"},"modified":"2025-07-30T08:23:18","modified_gmt":"2025-07-30T06:23:18","slug":"zusaetzliche-klappensicherung","status":"publish","type":"product","link":"https:\/\/www.jagdfallen-steingraf.de\/?product=zusaetzliche-klappensicherung","title":{"rendered":"Zus\u00e4tzliche Klappensicherung"},"content":{"rendered":"<p>Hierbei handelt es sich um eine zus\u00e4tzliche Sicherung, welche die eigentliche Fallensicherung nochmals absichert.<\/p>\n<p>Diese Fallensicherung haben wir entwickelt, weil es hin und wieder vorkommen kann, dass zum Beispiel der nicht gefangene Waschb\u00e4r seinen Artgenossen in der Falle befreien m\u00f6chte und so die standardm\u00e4\u00dfige Klappensicherung entriegelt.<\/p>\n<p>Mit dieser Variante, ist die Falle absolut ausbruchssicher.<\/p>\n<p>Die zus\u00e4tzliche Verriegelung ist aus Federstahl gefertigt und kann an allen unseren Fallen (ausgenommen unsere Hunter Modelle!), die eine Holzsicherung verbaut haben (nicht bei Alu B\u00fcgel nachr\u00fcstbar) nachger\u00fcstet werden.<\/p>\n<p>Sollten Sie fragen haben, z\u00f6gern Sie nicht und kontaktieren Sie uns. Wir helfen Ihnen gerne weiter.<\/p>\n<div style=\"width: 604px;\" class=\"wp-video\"><!--[if lt IE 9]><script>document.createElement('video');<\/script><![endif]-->\n<video class=\"wp-video-shortcode\" id=\"video-184439-1\" width=\"604\" height=\"340\" preload=\"metadata\" controls=\"controls\"><source type=\"video\/mp4\" src=\"https:\/\/www.jagdfallen-steingraf.de\/wp-content\/uploads\/2023\/01\/20230119_100450.mp4?_=1\" \/><a href=\"https:\/\/www.jagdfallen-steingraf.de\/wp-content\/uploads\/2023\/01\/20230119_100450.mp4\">https:\/\/www.jagdfallen-steingraf.de\/wp-content\/uploads\/2023\/01\/20230119_100450.mp4<\/a><\/video><\/div>\n<p>&nbsp;<\/p>\n<p><strong>Herstellerinformationen:<\/strong><\/p>\n<p>Jagdfallen Steingraf, Berliner Stra\u00dfe 32, 15378 Hennickendorf, Telefon: 033434 801400, E-Mail: shop@jagdfallen.eu<\/p>\n","protected":false},"excerpt":{"rendered":"<p>Hierbei handelt es sich um eine zus\u00e4tzliche Sicherung, welche die eigentliche Fallensicherung nochmals absichert. Diese Fallensicherung haben wir entwickelt, weil es hin und wieder vorkommen kann, dass zum Beispiel der nicht gefangene Waschb\u00e4r seinen Artgenossen in der Falle befreien m\u00f6chte und so die standardm\u00e4\u00dfige Klappensicherung entriegelt. Mit dieser Variante, ist die Falle absolut ausbruchssicher. Die zus\u00e4tzliche Verriegelung ist aus Federstahl<\/p>\n<div class=\"read-more\"><a class=\"more-link\" href=\"https:\/\/www.jagdfallen-steingraf.de\/?product=zusaetzliche-klappensicherung\">Read More &#8230;<\/a><\/div>\n","protected":false},"featured_media":184445,"template":"","meta":[],"product_brand":[],"product_cat":[627],"product_tag":[1930,1931],"class_list":{"0":"post-184439","1":"product","2":"type-product","3":"status-publish","4":"has-post-thumbnail","6":"product_cat-zubehoer","7":"product_tag-lockmittel","8":"product_tag-direktkoeder","9":"product_shipping_class-versandklasse-fallensicherung","10":"pif-has-gallery","12":"first","13":"instock","14":"taxable","15":"shipping-taxable","16":"purchasable","17":"product-type-simple"},"_links":{"self":[{"href":"https:\/\/www.jagdfallen-steingraf.de\/index.php?rest_route=\/wp\/v2\/product\/184439","targetHints":{"allow":["GET"]}}],"collection":[{"href":"https:\/\/www.jagdfallen-steingraf.de\/index.php?rest_route=\/wp\/v2\/product"}],"about":[{"href":"https:\/\/www.jagdfallen-steingraf.de\/index.php?rest_route=\/wp\/v2\/types\/product"}],"version-history":[{"count":4,"href":"https:\/\/www.jagdfallen-steingraf.de\/index.php?rest_route=\/wp\/v2\/product\/184439\/revisions"}],"predecessor-version":[{"id":186673,"href":"https:\/\/www.jagdfallen-steingraf.de\/index.php?rest_route=\/wp\/v2\/product\/184439\/revisions\/186673"}],"wp:featuredmedia":[{"embeddable":true,"href":"https:\/\/www.jagdfallen-steingraf.de\/index.php?rest_route=\/wp\/v2\/media\/184445"}],"wp:attachment":[{"href":"https:\/\/www.jagdfallen-steingraf.de\/index.php?rest_route=%2Fwp%2Fv2%2Fmedia&parent=184439"}],"wp:term":[{"taxonomy":"product_brand","embeddable":true,"href":"https:\/\/www.jagdfallen-steingraf.de\/index.php?rest_route=%2Fwp%2Fv2%2Fproduct_brand&post=184439"},{"taxonomy":"product_cat","embeddable":true,"href":"https:\/\/www.jagdfallen-steingraf.de\/index.php?rest_route=%2Fwp%2Fv2%2Fproduct_cat&post=184439"},{"taxonomy":"product_tag","embeddable":true,"href":"https:\/\/www.jagdfallen-steingraf.de\/index.php?rest_route=%2Fwp%2Fv2%2Fproduct_tag&post=184439"}],"curies":[{"name":"wp","href":"https:\/\/api.w.org\/{rel}","templated":true}]}}