{"id":182706,"date":"2022-04-08T13:25:28","date_gmt":"2022-04-08T11:25:28","guid":{"rendered":"https:\/\/www.jagdfallen-steingraf.de\/?post_type=product&#038;p=182706"},"modified":"2026-03-06T09:09:00","modified_gmt":"2026-03-06T08:09:00","slug":"fuchsfalle-betonfalle-360cm","status":"publish","type":"product","link":"https:\/\/www.jagdfallen-steingraf.de\/?product=fuchsfalle-betonfalle-360cm","title":{"rendered":"Fuchsfalle &#8211; Betonfalle (360cm)"},"content":{"rendered":"<p><span style=\"font-family: arial, helvetica, sans-serif; font-size: 14pt;\">Diese <a href=\"https:\/\/www.jagdfallen-steingraf.de\/?product_cat=fuchsfallen\">Fuchsfalle<\/a> &#8211; Betonfalle eignet sich hervorragend zum Fang von F\u00fcchsen, ebenso auch f\u00fcr Tiere, wie Dachs und Waschb\u00e4r.<\/span><\/p>\n<div>\n<h4><span style=\"font-family: arial, helvetica, sans-serif; font-size: 14pt;\"><strong>Besonderheiten:<\/strong><\/span><\/h4>\n<\/div>\n<div>\n<ul>\n<li><span style=\"font-family: arial, helvetica, sans-serif; font-size: 14pt;\">Ausl\u00f6sung erfolgt \u00fcber ein ebenerdiges Trittbrett (Glatter Gang, glatter Fang).<\/span><\/li>\n<li><span style=\"font-family: arial, helvetica, sans-serif; font-size: 14pt;\">Standartl\u00e4nge: 360 cm.<\/span><\/li>\n<li><span style=\"font-family: arial, helvetica, sans-serif; font-size: 14pt;\">Innenma\u00dfe: 35\u00d735 cm.<\/span><\/li>\n<li><span style=\"font-family: arial, helvetica, sans-serif; font-size: 14pt;\">Falle verf\u00fcgt \u00fcber eine Bek\u00f6derungs\u00f6ffnung mit einen Handyschlitz (f\u00fcr alle g\u00e4ngigen Smartphones).<\/span><\/li>\n<li><span style=\"font-family: arial, helvetica, sans-serif; font-size: 14pt;\">Die Betonfalle ist beliebig erweiterbar (Die Erweiterungen erfolgen jeweils immer um 60cm).<\/span><\/li>\n<li><span style=\"font-family: arial, helvetica, sans-serif; font-size: 14pt;\">Betonschutzkasten f\u00fcr die Ausl\u00f6sung auf Wunsch verf\u00fcgbar (siehe Bilder).<\/span><\/li>\n<li><span style=\"font-family: arial, helvetica, sans-serif; font-size: 14pt;\">Durch die Leichtbetonsteine, l\u00e4sst sich die Falle sehr gut h\u00e4ndeln und ist innerhalb von ca. 30 Minuten im Revier verbaut.<\/span><\/li>\n<li><span style=\"font-family: arial, helvetica, sans-serif; font-size: 14pt;\">Ein Leichtbetonstein wiegt ca. 26 Kg.<\/span><\/li>\n<li><span style=\"font-family: arial, helvetica, sans-serif; font-size: 14pt;\">Falle wird als Bausatz mit einer Aufbauanleitung durch eine Spedition geliefert.<\/span><\/li>\n<\/ul>\n<p><span style=\"font-family: arial, helvetica, sans-serif; font-size: 14pt; color: #ff0000;\"><strong>Innerhalb von Deutschland kostenloser Versand.<br \/>\n<\/strong><\/span><\/p>\n<\/div>\n<p><span style=\"font-family: arial, helvetica, sans-serif; font-size: 14pt; color: #ff0000;\"><strong>Versandkosten nach \u00d6sterreich oder in andere europ\u00e4ische L\u00e4nder bitte erfragen.<\/strong><\/span><\/p>\n<p><span style=\"font-family: arial, helvetica, sans-serif; font-size: 14pt;\"><strong>Bei Fragen zur Fuchsfalle &#8211; Betonfalle, melden sie sich bitte unter email@jagdfallen.eu oder 033434 801400<\/strong><strong>.<\/strong><\/span><\/p>\n<p>&nbsp;<\/p>\n<p><iframe title=\"YouTube video player\" src=\"\/\/www.youtube.com\/embed\/zL2Sbi45l1Y\" width=\"560\" height=\"315\" frameborder=\"0\" allowfullscreen=\"allowfullscreen\"><\/iframe><\/p>\n<p><strong>Herstellerinformationen:<\/strong><\/p>\n<p>Jagdfallen Steingraf, Berliner Stra\u00dfe 32, 15378 Hennickendorf, Telefon: 033434 801400, E-Mail: shop@jagdfallen.eu<\/p>\n","protected":false},"excerpt":{"rendered":"<p><span style=\"font-family: arial, helvetica, sans-serif; font-size: 14pt;\">Diese Fuchsfalle &#8211; Betonfalle eignet sich hervorragend zum Fang von F\u00fcchsen, ebenso auch f\u00fcr Tiere, wie Dachs und Waschb\u00e4r. Sie ist erweiterbar und leicht aufzubauen.<\/span><\/p>\n","protected":false},"featured_media":182614,"template":"","meta":[],"product_brand":[],"product_cat":[575,576],"product_tag":[],"class_list":{"0":"post-182706","1":"product","2":"type-product","3":"status-publish","4":"has-post-thumbnail","6":"product_cat-fuchsfallen","7":"product_cat-dachsfallen","8":"product_shipping_class-betonfallen","9":"pif-has-gallery","11":"first","12":"instock","13":"taxable","14":"shipping-taxable","15":"purchasable","16":"product-type-variable"},"_links":{"self":[{"href":"https:\/\/www.jagdfallen-steingraf.de\/index.php?rest_route=\/wp\/v2\/product\/182706","targetHints":{"allow":["GET"]}}],"collection":[{"href":"https:\/\/www.jagdfallen-steingraf.de\/index.php?rest_route=\/wp\/v2\/product"}],"about":[{"href":"https:\/\/www.jagdfallen-steingraf.de\/index.php?rest_route=\/wp\/v2\/types\/product"}],"version-history":[{"count":4,"href":"https:\/\/www.jagdfallen-steingraf.de\/index.php?rest_route=\/wp\/v2\/product\/182706\/revisions"}],"predecessor-version":[{"id":186755,"href":"https:\/\/www.jagdfallen-steingraf.de\/index.php?rest_route=\/wp\/v2\/product\/182706\/revisions\/186755"}],"wp:featuredmedia":[{"embeddable":true,"href":"https:\/\/www.jagdfallen-steingraf.de\/index.php?rest_route=\/wp\/v2\/media\/182614"}],"wp:attachment":[{"href":"https:\/\/www.jagdfallen-steingraf.de\/index.php?rest_route=%2Fwp%2Fv2%2Fmedia&parent=182706"}],"wp:term":[{"taxonomy":"product_brand","embeddable":true,"href":"https:\/\/www.jagdfallen-steingraf.de\/index.php?rest_route=%2Fwp%2Fv2%2Fproduct_brand&post=182706"},{"taxonomy":"product_cat","embeddable":true,"href":"https:\/\/www.jagdfallen-steingraf.de\/index.php?rest_route=%2Fwp%2Fv2%2Fproduct_cat&post=182706"},{"taxonomy":"product_tag","embeddable":true,"href":"https:\/\/www.jagdfallen-steingraf.de\/index.php?rest_route=%2Fwp%2Fv2%2Fproduct_tag&post=182706"}],"curies":[{"name":"wp","href":"https:\/\/api.w.org\/{rel}","templated":true}]}}