{"id":181963,"date":"2021-12-13T11:50:36","date_gmt":"2021-12-13T10:50:36","guid":{"rendered":"https:\/\/www.jagdfallen-steingraf.de\/?post_type=product&#038;p=181963"},"modified":"2025-08-07T10:30:11","modified_gmt":"2025-08-07T08:30:11","slug":"katzenfalle-plexiglas-3","status":"publish","type":"product","link":"https:\/\/www.jagdfallen-steingraf.de\/?product=katzenfalle-plexiglas-3","title":{"rendered":"Katzenfalle &#8211; Cat P (100cm)"},"content":{"rendered":"<p>Diese <a href=\"https:\/\/www.jagdfallen-steingraf.de\/?product_cat=katzenfallen\">Katzenfalle<\/a> Plexiglas &#8211; Cat P,\u00a0 wurde in enger Zusammenarbeit mit verschiedenen Tierschutzvereinen entwickelt und eignet sich daher hervorragend zum Fang von Katzen.<\/p>\n<p>Die Falle verf\u00fcgt \u00fcber eine verschlie\u00dfbare \u00d6ffnung an der Oberseite zum Einlegen der K\u00f6der. Die Ausl\u00f6sung erfolgt zuverl\u00e4ssig \u00fcber ein Trittbrett.<\/p>\n<p>Durch eine Plexiglasscheibe ist eine sichere Fangkontrolle m\u00f6glich (Wir bieten die Katzenfalle in unserem Shop auch mit Gitter an).<\/p>\n<p>Zur besseren Tarnung, k\u00f6nnen Sie den Boden der Lebendfalle komplett mit Sand, Erde, Laub oder Tannennadeln verblenden.<\/p>\n<p>F\u00fcr die Herstellung der Katzenfalle Plexiglas &#8211; Cat P w\u00e4hlen wir alle Materialien sehr sorgsam aus. Deshalb verarbeiten wir ausschlie\u00dflich europ\u00e4ische Siebdruckplatten. Diese werden\u00a0 auch im Fahrzeugbau verwendet. Dadurch wird die Falle sehr stabil und extrem langlebig. Diese Falle ist seit vielen Jahren in verschiedenen Jagdrevieren im Einsatz. Durch ihre robuste Bauweise und die enorm hohen Fangerfolge hat sie sich dort schon bestens bew\u00e4hrt.<\/p>\n<p>Mit eine, Gewicht von ca. 10Kg und einen einen Tragegriff, l\u00e4sst sich die Katzenfalle leicht Transportieren.<\/p>\n<p>Bei Fragen k\u00f6nnen Sie uns gerne Kontaktieren. Wir arbeiten eng mit Katzenschutzvereinen zusammen und fertigen auch gerne Sonderanfertigungen.<\/p>\n<p><span style=\"color: #008000;\"><strong>Unsere Lebendfalle ist bereits fertig montiert und Sie k\u00f6nnen sie sofort aufstellen!!!<\/strong><\/span><\/p>\n<p>Alle Fallen sind zu 100% von uns in Deutschland handgefertigt. Hierbei handelt es sich nicht um Importe aus Osteuropa.<\/p>\n<h4>Hinweise!<\/h4>\n<ul>\n<li>Achten Sie auf einen geeigneten Aufstellplatz und kontrollieren Sie die Lebendfalle regelm\u00e4\u00dfig.<\/li>\n<li>Bitte beachten Sie die jeweils g\u00fcltigen Jagdgesetze in Ihrem Bundesland!<\/li>\n<li>Zus\u00e4tzliche Informationen \u00fcber die Fangjagd finden Sie <a href=\"https:\/\/www.jagdverband.de\/sites\/default\/files\/DJV_Wissenswertes_zur_Fangjagd_Web.pdf\"><span style=\"color: #008000;\"><strong>hier<\/strong><\/span><\/a>.<\/li>\n<\/ul>\n<p><strong>Herstellerinformationen:<\/strong><\/p>\n<p>Jagdfallen Steingraf, Berliner Stra\u00dfe 32, 15378 Hennickendorf, Telefon: 033434 801400, E-Mail: shop@jagdfallen.eu<span style=\"font-size: 12pt; font-family: arial, helvetica, sans-serif;\">\u00a0<\/span><\/p>\n","protected":false},"excerpt":{"rendered":"<p>Diese Katzenfalle &#8211; Cat P wurde in enger Zusammenarbeit mit verschiedenen Tierschutzvereinen entwickelt und eignet sich daher hervorragend zum Fang von Katzen.<\/p>\n<p>&nbsp;<\/p>\n","protected":false},"featured_media":181957,"template":"","meta":[],"product_brand":[],"product_cat":[579],"product_tag":[1876,1877,1879,1927],"class_list":{"0":"post-181963","1":"product","2":"type-product","3":"status-publish","4":"has-post-thumbnail","6":"product_cat-katzenfallen","7":"product_tag-katzenfalle","8":"product_tag-katze","9":"product_tag-kastenfalle","10":"product_tag-waschbaerfalle","11":"product_shipping_class-katzenfalle","12":"pif-has-gallery","14":"first","15":"instock","16":"taxable","17":"shipping-taxable","18":"purchasable","19":"product-type-simple"},"_links":{"self":[{"href":"https:\/\/www.jagdfallen-steingraf.de\/index.php?rest_route=\/wp\/v2\/product\/181963","targetHints":{"allow":["GET"]}}],"collection":[{"href":"https:\/\/www.jagdfallen-steingraf.de\/index.php?rest_route=\/wp\/v2\/product"}],"about":[{"href":"https:\/\/www.jagdfallen-steingraf.de\/index.php?rest_route=\/wp\/v2\/types\/product"}],"version-history":[{"count":3,"href":"https:\/\/www.jagdfallen-steingraf.de\/index.php?rest_route=\/wp\/v2\/product\/181963\/revisions"}],"predecessor-version":[{"id":186044,"href":"https:\/\/www.jagdfallen-steingraf.de\/index.php?rest_route=\/wp\/v2\/product\/181963\/revisions\/186044"}],"wp:featuredmedia":[{"embeddable":true,"href":"https:\/\/www.jagdfallen-steingraf.de\/index.php?rest_route=\/wp\/v2\/media\/181957"}],"wp:attachment":[{"href":"https:\/\/www.jagdfallen-steingraf.de\/index.php?rest_route=%2Fwp%2Fv2%2Fmedia&parent=181963"}],"wp:term":[{"taxonomy":"product_brand","embeddable":true,"href":"https:\/\/www.jagdfallen-steingraf.de\/index.php?rest_route=%2Fwp%2Fv2%2Fproduct_brand&post=181963"},{"taxonomy":"product_cat","embeddable":true,"href":"https:\/\/www.jagdfallen-steingraf.de\/index.php?rest_route=%2Fwp%2Fv2%2Fproduct_cat&post=181963"},{"taxonomy":"product_tag","embeddable":true,"href":"https:\/\/www.jagdfallen-steingraf.de\/index.php?rest_route=%2Fwp%2Fv2%2Fproduct_tag&post=181963"}],"curies":[{"name":"wp","href":"https:\/\/api.w.org\/{rel}","templated":true}]}}