{"id":180590,"date":"2021-05-25T16:10:05","date_gmt":"2021-05-25T14:10:05","guid":{"rendered":"https:\/\/www.jagdfallen-steingraf.de\/?post_type=product&#038;p=180590"},"modified":"2025-08-07T10:40:21","modified_gmt":"2025-08-07T08:40:21","slug":"rattenschlagfalle-hitmaster","status":"publish","type":"product","link":"https:\/\/www.jagdfallen-steingraf.de\/?product=rattenschlagfalle-hitmaster","title":{"rendered":"Rattenfalle &#8211; Hitmaster"},"content":{"rendered":"<p>Diese<a href=\"https:\/\/www.jagdfallen-steingraf.de\/?product_cat=kleintierfallen\"> Rattenschlagfalle<\/a> &#8211; Hitmaster eignet sich hervorragend zum Fang von M\u00e4usen, Ratten und \u00e4hnlich gro\u00dfen Tieren.<\/p>\n<p>Ratten sind besonders intelligente Tiere, die es herk\u00f6mmlichen Fallen manchmal ganz sch\u00f6n schwer machen. Umso wichtiger ist eine durchdachte Alternative, die Ihr Sch\u00e4dlings- und Kleintierproblem rund um Haus und Hof erfolgreich l\u00f6sen kann. Denn Ratten und andere Kleintiere k\u00f6nnen Krankheiten \u00fcbertragen und haben in menschlichen Einrichtungen nichts verloren \u2013 zumindest dann nicht, wenn sie kein erw\u00fcnschtes Haustier sind.<\/p>\n<p>Unser hochwertiges Geh\u00e4use verhindert, das gr\u00f6\u00dfere Tiere wie etwa Ihre Hauskatze oder aber V\u00f6gel die Rattenfalle ungewollt ausl\u00f6sen. Die im Inneren verbaute Rattenschlagfalle aus Kunststoff und Stahl, l\u00e4sst sich sehr einfach spannen. Dabei wird nur der Doppelb\u00fcgel heruntergedr\u00fcckt. Get\u00f6tete M\u00e4use oder Ratten lassen sich unkompliziert entsorgen, ohne diese ber\u00fchren zu m\u00fcssen. Der K\u00f6der wird nicht wie bei herk\u00f6mmlichen Rattenfallen \u00fcblich auf das K\u00e4sebrettchen gelegt, sondern im Kasten hinter der Falle platziert.<\/p>\n<p>F\u00fcr die Herstellung der Rattenschlagfalle &#8211; Hitmaster w\u00e4hlen wir alle Materialien sehr sorgsam aus. Deshalb verarbeiten wir ausschlie\u00dflich europ\u00e4ische Siebdruckplatten. Diese werden\u00a0 auch im Fahrzeugbau verwendet. Dadurch wird die Falle sehr stabil und extrem langlebig.<\/p>\n<p>Sollten Sie fragen zu unserer Rattenschlagfalle haben, z\u00f6gern Sie nicht und Kontaktieren Sie uns. Wir helfen Ihnen bei offenen Fragen gerne weiter.<\/p>\n<p><span style=\"color: #008000;\"><strong>Unsere Falle ist bereits fertig montiert \u2013 Sie k\u00f6nnen sie daher sofort aufstellen!!!<\/strong><\/span><\/p>\n<p>Alle Fallen sind zu 100% von uns in Deutschland handgefertigt. Hierbei handelt es sich nicht um Importe aus Osteuropa.<\/p>\n<h4>Hinweise!<\/h4>\n<ul>\n<li>Achten Sie auf einen geeigneten Aufstellplatz und kontrollieren Sie die Lebendfalle regelm\u00e4\u00dfig.<\/li>\n<li>Bitte beachten Sie die jeweils g\u00fcltigen Jagdgesetze in Ihrem Bundesland!<\/li>\n<li>Zus\u00e4tzliche Informationen \u00fcber die Fangjagd finden Sie <span style=\"color: #008000;\"><strong><a style=\"color: #008000;\" href=\"https:\/\/www.jagdverband.de\/sites\/default\/files\/DJV_Wissenswertes_zur_Fangjagd_Web.pdf\">hier<\/a><\/strong><\/span>.<\/li>\n<\/ul>\n<p><strong>Herstellerinformationen:<\/strong><\/p>\n<p>Jagdfallen Steingraf, Berliner Stra\u00dfe 32, 15378 Hennickendorf, Telefon: 033434 801400, E-Mail: shop@jagdfallen.eu<span style=\"font-size: 12pt; font-family: arial, helvetica, sans-serif;\">\u00a0<\/span><\/p>\n","protected":false},"excerpt":{"rendered":"<p>Diese Rattenschlagfalle &#8211; Hitmaster eignet sich hervorragend zum Fang von M\u00e4usen, Ratten und \u00e4hnlich gro\u00dfen Tieren.<br \/>\nRatten sind besonders intelligente Tiere, die es herk\u00f6mmlichen Fallen ganz sch\u00f6n schwer machen. Umso wichtiger ist eine durchdachte Alternative, die Ihr Sch\u00e4dlingsproblem erfolgreich l\u00f6sen kann.<\/p>\n","protected":false},"featured_media":61759,"template":"","meta":[],"product_brand":[],"product_cat":[88],"product_tag":[1936,1937],"class_list":{"0":"post-180590","1":"product","2":"type-product","3":"status-publish","4":"has-post-thumbnail","6":"product_cat-kleintierfallen","7":"product_tag-rattenfalle","8":"product_tag-ratte","9":"product_shipping_class-kleintierfallen","10":"pif-has-gallery","12":"first","13":"instock","14":"taxable","15":"shipping-taxable","16":"purchasable","17":"product-type-simple"},"_links":{"self":[{"href":"https:\/\/www.jagdfallen-steingraf.de\/index.php?rest_route=\/wp\/v2\/product\/180590","targetHints":{"allow":["GET"]}}],"collection":[{"href":"https:\/\/www.jagdfallen-steingraf.de\/index.php?rest_route=\/wp\/v2\/product"}],"about":[{"href":"https:\/\/www.jagdfallen-steingraf.de\/index.php?rest_route=\/wp\/v2\/types\/product"}],"version-history":[{"count":3,"href":"https:\/\/www.jagdfallen-steingraf.de\/index.php?rest_route=\/wp\/v2\/product\/180590\/revisions"}],"predecessor-version":[{"id":186771,"href":"https:\/\/www.jagdfallen-steingraf.de\/index.php?rest_route=\/wp\/v2\/product\/180590\/revisions\/186771"}],"wp:featuredmedia":[{"embeddable":true,"href":"https:\/\/www.jagdfallen-steingraf.de\/index.php?rest_route=\/wp\/v2\/media\/61759"}],"wp:attachment":[{"href":"https:\/\/www.jagdfallen-steingraf.de\/index.php?rest_route=%2Fwp%2Fv2%2Fmedia&parent=180590"}],"wp:term":[{"taxonomy":"product_brand","embeddable":true,"href":"https:\/\/www.jagdfallen-steingraf.de\/index.php?rest_route=%2Fwp%2Fv2%2Fproduct_brand&post=180590"},{"taxonomy":"product_cat","embeddable":true,"href":"https:\/\/www.jagdfallen-steingraf.de\/index.php?rest_route=%2Fwp%2Fv2%2Fproduct_cat&post=180590"},{"taxonomy":"product_tag","embeddable":true,"href":"https:\/\/www.jagdfallen-steingraf.de\/index.php?rest_route=%2Fwp%2Fv2%2Fproduct_tag&post=180590"}],"curies":[{"name":"wp","href":"https:\/\/api.w.org\/{rel}","templated":true}]}}