{"id":180582,"date":"2021-05-25T14:37:05","date_gmt":"2021-05-25T12:37:05","guid":{"rendered":"https:\/\/www.jagdfallen-steingraf.de\/?post_type=product&#038;p=180582"},"modified":"2025-08-07T10:46:02","modified_gmt":"2025-08-07T08:46:02","slug":"predagel","status":"publish","type":"product","link":"https:\/\/www.jagdfallen-steingraf.de\/?product=predagel","title":{"rendered":"Predagel"},"content":{"rendered":"<p>Predagel ist ein hochkonzentriertes Lockmittel der Extraklasse f\u00fcr Marder, Waschb\u00e4r, Dachs und Marderhunde.<\/p>\n<p>Das Predagel k\u00f6nnen Sie hervorragend zur F\u00e4hrtenbildung sowie als Direktk\u00f6der bei der Fangjagd nutzen.<\/p>\n<p>Durch die gelartige Konsistenz werden die Lockstoffe extrem langanhaltend zur Witterung abgegeben. Dabei sind alle Zutaten sind rein biologisch und zu 100% frei von Konservierungsstoffen.<\/p>\n<p>Dieses Lockmittel wirde in enger Zusammenarbeit mit unseren professionellen J\u00e4gern immer wieder gestestet und verfeinert, dadurch ist jetzt ein enorm hoher Fangerfolg zu verzeichnen. Speziell Marder und Waschb\u00e4ren konnten dem Geruch von Predagel nicht widerstehen!<\/p>\n<h4>Anwendungsbeispiel f\u00fcr unser Lockmittel:<\/h4>\n<p>Bestreichen Sie die Seitenw\u00e4nde im Eingangsbereich der Falle mit etwas Predagel. Auf dem Trittbrett kann Predagel sowohl als Alleink\u00f6der, als auch zusammen mit anderen K\u00f6dern aufgebracht werden. Um die Tiere zur Falle zu locken, sollten Sie zus\u00e4tzlich in der Umgebung einige mit Lockstoff versehene Spuren legen.<\/p>\n<p><strong>Doseninhalt: 200g<\/strong><\/p>\n<p id=\"1180561397\" data-element-type=\"paragraph\" data-uialign=\"center\"><span style=\"color: #008000;\"><strong>Lockmittel Made in Germany jetzt online bestellen !<\/strong><\/span><\/p>\n<div id=\"1106639044\" data-dmtmpl=\"true\" data-element-type=\"paragraph\" data-uialign=\"center\">\n<p>Ob Marder, Fuchs oder Siebenschl\u00e4fer: Mit dem Lockmittel von Jagdfallen Steingraf locken Sie in Handumdrehen tierische Besucher an. Wenn Sie sich f\u00fcr unser Lockmittel aus unserem Sortiment interessieren, k\u00f6nnen Sie Ihre Bestellung in unserem Online-Shop aufgeben. Zahlungen sind per PayPal oder Vorkasse m\u00f6glich.<\/p>\n<p>Haben Sie noch Fragen zu unseren Lockmittel? Melden Sie sich einfach. Nur eine <a href=\"https:\/\/www.jagdfallen-steingraf.de\/impressum\/\">Mail<\/a> oder ein Anruf reicht schon aus. Unser Team beantwortet Ihnen gerne jede Frage rund um das Thema Lebendfalle und Lockmittel. Jagdfallen Steingraf freut sich auf Ihre Nachricht!<\/p>\n<p><strong>Herstellerinformationen:<\/strong><\/p>\n<p>Jagdfallen Steingraf, Berliner Stra\u00dfe 32, 15378 Hennickendorf, Telefon: 033434 801400, E-Mail: shop@jagdfallen.eu<\/p>\n<\/div>\n","protected":false},"excerpt":{"rendered":"<p>Predagel ist ein Lockmittel der Extraklasse von Jagdfallen Steingraf und damit bestens f\u00fcr Marder, Waschb\u00e4r, Dachs und Marderhund geeignet. Dieses Lockmittel wurde in enger Zusammenarbeit mit professionellen J\u00e4gern hergestellt.<\/p>\n","protected":false},"featured_media":61766,"template":"","meta":[],"product_brand":[],"product_cat":[627],"product_tag":[1930],"class_list":{"0":"post-180582","1":"product","2":"type-product","3":"status-publish","4":"has-post-thumbnail","6":"product_cat-zubehoer","7":"product_tag-lockmittel","8":"product_shipping_class-lockmittel","9":"pif-has-gallery","11":"first","12":"instock","13":"taxable","14":"shipping-taxable","15":"purchasable","16":"product-type-simple"},"_links":{"self":[{"href":"https:\/\/www.jagdfallen-steingraf.de\/index.php?rest_route=\/wp\/v2\/product\/180582","targetHints":{"allow":["GET"]}}],"collection":[{"href":"https:\/\/www.jagdfallen-steingraf.de\/index.php?rest_route=\/wp\/v2\/product"}],"about":[{"href":"https:\/\/www.jagdfallen-steingraf.de\/index.php?rest_route=\/wp\/v2\/types\/product"}],"version-history":[{"count":5,"href":"https:\/\/www.jagdfallen-steingraf.de\/index.php?rest_route=\/wp\/v2\/product\/180582\/revisions"}],"predecessor-version":[{"id":187331,"href":"https:\/\/www.jagdfallen-steingraf.de\/index.php?rest_route=\/wp\/v2\/product\/180582\/revisions\/187331"}],"wp:featuredmedia":[{"embeddable":true,"href":"https:\/\/www.jagdfallen-steingraf.de\/index.php?rest_route=\/wp\/v2\/media\/61766"}],"wp:attachment":[{"href":"https:\/\/www.jagdfallen-steingraf.de\/index.php?rest_route=%2Fwp%2Fv2%2Fmedia&parent=180582"}],"wp:term":[{"taxonomy":"product_brand","embeddable":true,"href":"https:\/\/www.jagdfallen-steingraf.de\/index.php?rest_route=%2Fwp%2Fv2%2Fproduct_brand&post=180582"},{"taxonomy":"product_cat","embeddable":true,"href":"https:\/\/www.jagdfallen-steingraf.de\/index.php?rest_route=%2Fwp%2Fv2%2Fproduct_cat&post=180582"},{"taxonomy":"product_tag","embeddable":true,"href":"https:\/\/www.jagdfallen-steingraf.de\/index.php?rest_route=%2Fwp%2Fv2%2Fproduct_tag&post=180582"}],"curies":[{"name":"wp","href":"https:\/\/api.w.org\/{rel}","templated":true}]}}