{"id":180577,"date":"2021-05-25T13:12:54","date_gmt":"2021-05-25T11:12:54","guid":{"rendered":"https:\/\/www.jagdfallen-steingraf.de\/?post_type=product&#038;p=180577"},"modified":"2025-08-07T10:41:34","modified_gmt":"2025-08-07T08:41:34","slug":"abfangkasten-cat-70-cm","status":"publish","type":"product","link":"https:\/\/www.jagdfallen-steingraf.de\/?product=abfangkasten-cat-70-cm","title":{"rendered":"Abfangkasten &#8211; Cat  (70 cm)"},"content":{"rendered":"<p>Dieser Abfangkasten-Cat ist passend f\u00fcr unsere Kastenfallenmodelle <a href=\"https:\/\/www.jagdfallen-steingraf.de\/shop\/katzenfalle-cat-light-120cm\">Cat light<\/a>, Cat 1, Cat 2, Cat 3 und Cat X. Der einfachste Weg, ein Tier schnell und sicher abzutransportieren, ist ein Abfangkasten. Dabei sollte man am besten nicht auf eine selbstgebaute Variante oder einen Abfangkasten von minderwertiger Qualit\u00e4t setzen, sondern lieber auf die hochwertige Qualit\u00e4t namhafter Hersteller wie zum Beispiel Jagdfallen Steingraf vertrauen.<\/p>\n<p>F\u00fcr ein Plus an Tragekomfort sind alle unsere Abfangk\u00e4sten mit einem Griff ausgestattet. Ganz gleich, ob Katze oder Waschb\u00e4r, ob von kleinem, mittleren oder gro\u00dfem K\u00f6rperbau: in unserem Shop finden Sie garantiert den passenden Abfangkasten, mit dem Sie jedes Tier einfach und flexibel transportieren k\u00f6nnen. Ohne dabei die fest installierte Falle auch nur einen Zentimeter bewegen zu m\u00fcssen! Sitzt Ihnen einmal ein Tier in der Falle, sollten Sie schauen, dass Sie diese m\u00f6glichst schnell wieder leeren k\u00f6nnen. Nicht zuletzt, damit sie weitergenutzt werden kann.<\/p>\n<p>F\u00fcr die Herstellung des Abfangkastens w\u00e4hlen wir alle Materialien sehr sorgsam aus. Deshalb verarbeiten wir ausschlie\u00dflich europ\u00e4ische Siebdruckplatten.<br \/>\nDiese werden auch im Fahrzeugbau verwendet. Dadurch wird unser Abfangkasten-Cat sehr stabil und extrem langlebig.<\/p>\n<p><span style=\"color: #008000;\"><strong>Unsere Abfangkasten-Cat ist bereits fertig montiert und Sie k\u00f6nnen ihn sofort verwenden!!!<\/strong><\/span><\/p>\n<p>Alle K\u00e4sten sind zu 100% von uns in Deutschland handgefertigt. Hierbei handelt es sich nicht um Importe aus Osteuropa.<\/p>\n<h4>Hinweise!<\/h4>\n<ul>\n<li>Achten Sie auf einen geeigneten Aufstellplatz und kontrollieren Sie die Lebendfalle regelm\u00e4\u00dfig.<\/li>\n<li>Bitte beachten Sie die jeweils g\u00fcltigen Jagdgesetze in Ihrem Bundesland!<\/li>\n<li>Zus\u00e4tzliche Informationen \u00fcber die Fangjagd finden Sie <span style=\"color: #008000;\"><strong><a style=\"color: #008000;\" href=\"https:\/\/www.jagdverband.de\/sites\/default\/files\/DJV_Wissenswertes_zur_Fangjagd_Web.pdf\">hier<\/a><\/strong><\/span>.<\/li>\n<\/ul>\n<p><strong>Herstellerinformationen:<\/strong><\/p>\n<p>Jagdfallen Steingraf, Berliner Stra\u00dfe 32, 15378 Hennickendorf, Telefon: 033434 801400, E-Mail: shop@jagdfallen.eu<\/p>\n","protected":false},"excerpt":{"rendered":"<p>Dieser Abfangkasten ist passend f\u00fcr unsere Kastenfallenmodelle Cat light, Cat 1, Cat 2 und Cat 3. Er l\u00e4sst sich leicht transportieren.<\/p>\n<p>&nbsp;<\/p>\n","protected":false},"featured_media":61676,"template":"","meta":[],"product_brand":[],"product_cat":[627],"product_tag":[1921,1973],"class_list":{"0":"post-180577","1":"product","2":"type-product","3":"status-publish","4":"has-post-thumbnail","6":"product_cat-zubehoer","7":"product_tag-abfangkasten","8":"product_tag-abfangkorb","9":"product_shipping_class-abfangkasten","10":"pif-has-gallery","12":"first","13":"instock","14":"taxable","15":"shipping-taxable","16":"purchasable","17":"product-type-simple"},"_links":{"self":[{"href":"https:\/\/www.jagdfallen-steingraf.de\/index.php?rest_route=\/wp\/v2\/product\/180577","targetHints":{"allow":["GET"]}}],"collection":[{"href":"https:\/\/www.jagdfallen-steingraf.de\/index.php?rest_route=\/wp\/v2\/product"}],"about":[{"href":"https:\/\/www.jagdfallen-steingraf.de\/index.php?rest_route=\/wp\/v2\/types\/product"}],"version-history":[{"count":3,"href":"https:\/\/www.jagdfallen-steingraf.de\/index.php?rest_route=\/wp\/v2\/product\/180577\/revisions"}],"predecessor-version":[{"id":186648,"href":"https:\/\/www.jagdfallen-steingraf.de\/index.php?rest_route=\/wp\/v2\/product\/180577\/revisions\/186648"}],"wp:featuredmedia":[{"embeddable":true,"href":"https:\/\/www.jagdfallen-steingraf.de\/index.php?rest_route=\/wp\/v2\/media\/61676"}],"wp:attachment":[{"href":"https:\/\/www.jagdfallen-steingraf.de\/index.php?rest_route=%2Fwp%2Fv2%2Fmedia&parent=180577"}],"wp:term":[{"taxonomy":"product_brand","embeddable":true,"href":"https:\/\/www.jagdfallen-steingraf.de\/index.php?rest_route=%2Fwp%2Fv2%2Fproduct_brand&post=180577"},{"taxonomy":"product_cat","embeddable":true,"href":"https:\/\/www.jagdfallen-steingraf.de\/index.php?rest_route=%2Fwp%2Fv2%2Fproduct_cat&post=180577"},{"taxonomy":"product_tag","embeddable":true,"href":"https:\/\/www.jagdfallen-steingraf.de\/index.php?rest_route=%2Fwp%2Fv2%2Fproduct_tag&post=180577"}],"curies":[{"name":"wp","href":"https:\/\/api.w.org\/{rel}","templated":true}]}}