{"id":180571,"date":"2021-05-25T13:00:46","date_gmt":"2021-05-25T11:00:46","guid":{"rendered":"https:\/\/www.jagdfallen-steingraf.de\/?post_type=product&#038;p=180571"},"modified":"2025-08-07T10:30:20","modified_gmt":"2025-08-07T08:30:20","slug":"katzenfalle-cat-x-100cm","status":"publish","type":"product","link":"https:\/\/www.jagdfallen-steingraf.de\/?product=katzenfalle-cat-x-100cm","title":{"rendered":"Katzenfalle &#8211; Cat X (100cm)"},"content":{"rendered":"<p>Diese <a href=\"https:\/\/www.jagdfallen-steingraf.de\/?product_cat=katzenfallen\">Katzenfalle<\/a> &#8211; Cat X wurde in enger Zusammenarbeit mit verschiedenen Tierschutzvereinen entwickelt und eignet sich daher hervorragend zum Fang von Katzen und Waschb\u00e4ren.<\/p>\n<p>Die Katzenfalle hat eine verschlie\u00dfbare \u00d6ffnung an der Oberseite f\u00fcr ein einfaches Einlegen der K\u00f6der.<\/p>\n<p>Die Ausl\u00f6sung erfolgt zuverl\u00e4ssig \u00fcber ein Trittbrett. Durch einen Drahtgittereinsatz am Ende der Falle, ist eine sichere Fangkontrolle m\u00f6glich. Die Falle verf\u00fcgt \u00fcber einen praktischen Tragegriff, f\u00fcr einen sicheren und leichten Transport.<\/p>\n<p>Durch einen Drahtgittereinsatz ist eine sichere Fangkontrolle m\u00f6glich. Zur besseren Tarnung k\u00f6nnen Sie den Boden der Lebendfalle komplett mit Sand, Erde, Laub oder Tannennadeln verblenden.<\/p>\n<p>F\u00fcr die Herstellung der Katzenfalle &#8211; Cat X w\u00e4hlen wir alle Materialien sehr sorgsam aus. Deshalb verarbeiten wir ausschlie\u00dflich europ\u00e4ische Siebdruckplatten, wie diese auch im Fahrzeugbau verwendet. Dadurch ist die Falle\u00a0 nicht nur wetterfest, sondern auch sehr stabil und extrem langlebig.<\/p>\n<p>Alle Fallen sind zu 100% von uns in Deutschland handgefertigt. Hierbei handelt es sich nicht um Importe aus Osteuropa.<\/p>\n<p>Durch ihre robuste Bauweise und die enorm hohen Fangerfolge hat sie sich dort schon bestens bei vielen Tierschutzvereinen bew\u00e4hrt.<\/p>\n<p><span style=\"color: #008000;\"><strong>Unsere Lebendfalle ist bereits fertig montiert und Sie k\u00f6nnen sie sofort aufstellen!<\/strong><\/span><\/p>\n<h4>Hinweise!<\/h4>\n<ul>\n<li>Achten Sie auf einen geeigneten Aufstellplatz und kontrollieren Sie die Lebendfalle regelm\u00e4\u00dfig.<\/li>\n<li>Bitte beachten Sie die jeweils g\u00fcltigen Jagdgesetze in Ihrem Bundesland!<\/li>\n<li>Zus\u00e4tzliche Informationen \u00fcber die Fangjagd finden Sie <a href=\"https:\/\/www.jagdverband.de\/sites\/default\/files\/DJV_Wissenswertes_zur_Fangjagd_Web.pdf\"><span style=\"color: #008000;\"><strong>hier<\/strong><\/span><\/a>.<\/li>\n<\/ul>\n<p><strong>Herstellerinformationen:<\/strong><\/p>\n<p>Jagdfallen Steingraf, Berliner Stra\u00dfe 32, 15378 Hennickendorf, Telefon: 033434 801400, E-Mail: shop@jagdfallen.eu<\/p>\n","protected":false},"excerpt":{"rendered":"<p>Diese Katzenfalle &#8211; Cat X wurde in enger Zusammenarbeit mit verschiedenen Tierschutzvereinen entwickelt und eignet sich daher hervorragend zum Fang von Katzen.<\/p>\n<p>&nbsp;<\/p>\n","protected":false},"featured_media":61311,"template":"","meta":[],"product_brand":[],"product_cat":[579],"product_tag":[1879,1876,1877],"class_list":{"0":"post-180571","1":"product","2":"type-product","3":"status-publish","4":"has-post-thumbnail","6":"product_cat-katzenfallen","7":"product_tag-kastenfalle","8":"product_tag-katzenfalle","9":"product_tag-katze","10":"product_shipping_class-katzenfalle","11":"pif-has-gallery","13":"first","14":"instock","15":"taxable","16":"shipping-taxable","17":"purchasable","18":"product-type-simple"},"_links":{"self":[{"href":"https:\/\/www.jagdfallen-steingraf.de\/index.php?rest_route=\/wp\/v2\/product\/180571","targetHints":{"allow":["GET"]}}],"collection":[{"href":"https:\/\/www.jagdfallen-steingraf.de\/index.php?rest_route=\/wp\/v2\/product"}],"about":[{"href":"https:\/\/www.jagdfallen-steingraf.de\/index.php?rest_route=\/wp\/v2\/types\/product"}],"version-history":[{"count":3,"href":"https:\/\/www.jagdfallen-steingraf.de\/index.php?rest_route=\/wp\/v2\/product\/180571\/revisions"}],"predecessor-version":[{"id":186456,"href":"https:\/\/www.jagdfallen-steingraf.de\/index.php?rest_route=\/wp\/v2\/product\/180571\/revisions\/186456"}],"wp:featuredmedia":[{"embeddable":true,"href":"https:\/\/www.jagdfallen-steingraf.de\/index.php?rest_route=\/wp\/v2\/media\/61311"}],"wp:attachment":[{"href":"https:\/\/www.jagdfallen-steingraf.de\/index.php?rest_route=%2Fwp%2Fv2%2Fmedia&parent=180571"}],"wp:term":[{"taxonomy":"product_brand","embeddable":true,"href":"https:\/\/www.jagdfallen-steingraf.de\/index.php?rest_route=%2Fwp%2Fv2%2Fproduct_brand&post=180571"},{"taxonomy":"product_cat","embeddable":true,"href":"https:\/\/www.jagdfallen-steingraf.de\/index.php?rest_route=%2Fwp%2Fv2%2Fproduct_cat&post=180571"},{"taxonomy":"product_tag","embeddable":true,"href":"https:\/\/www.jagdfallen-steingraf.de\/index.php?rest_route=%2Fwp%2Fv2%2Fproduct_tag&post=180571"}],"curies":[{"name":"wp","href":"https:\/\/api.w.org\/{rel}","templated":true}]}}