{"id":180564,"date":"2021-05-25T12:51:22","date_gmt":"2021-05-25T10:51:22","guid":{"rendered":"https:\/\/www.jagdfallen-steingraf.de\/?post_type=product&#038;p=180564"},"modified":"2025-10-01T09:27:49","modified_gmt":"2025-10-01T07:27:49","slug":"waschbaerfalle-cat-light-120cm","status":"publish","type":"product","link":"https:\/\/www.jagdfallen-steingraf.de\/?product=waschbaerfalle-cat-light-120cm","title":{"rendered":"Waschb\u00e4rfalle &#8211; Cat light (120cm)"},"content":{"rendered":"<p>Unsere <a href=\"https:\/\/www.jagdfallen-steingraf.de\/?product_cat=waschbaerfallen\">Waschb\u00e4rfalle<\/a> &#8211; Cat light ist eine klassische Kastenfalle und eignet sich deshalb hervorragend zum Fang von Waschb\u00e4ren, Katzen und Mardern.<\/p>\n<p>Die Waschb\u00e4rfalle &#8211; Cat light hat eine verschlie\u00dfbare \u00d6ffnung an der Oberseite zum einfachen und unkomplizierten Einlegen der K\u00f6der.<\/p>\n<p>Die Ausl\u00f6sung erfolgt zuverl\u00e4ssig \u00fcber ein Trittbrett.<\/p>\n<p>Zur besseren Tarnung k\u00f6nnen Sie den Boden der Lebendfalle komplett mit Sand, Erde, Laub oder Tannennadeln verblenden. Wir bieten in unserem Shop auch Spezial-Falleneinstreu an, mit dem Sie den Boden ebenfalls verblenden k\u00f6nnen.<\/p>\n<p>F\u00fcr die Herstellung der Waschb\u00e4rfalle &#8211; Cat light w\u00e4hlen wir alle Materialien sehr sorgsam aus. Deshalb verarbeiten wir ausschlie\u00dflich europ\u00e4ische Siebdruckplatten. Diese werden\u00a0 auch im Fahrzeugbau verwendet. Dadurch ist die Falle nicht nur wetterfest, sondern auch sehr stabil und extrem langlebig. Diese Falle ist seit vielen Jahren in verschiedenen Jagdrevieren im Einsatz. Durch ihre robuste Bauweise und die enorm hohen Fangerfolge hat sie sich dort schon bestens bew\u00e4hrt. Alle Fallen sind zu 100% von uns in Deutschland handgefertigt. Hierbei handelt es sich nicht um Importe aus Osteuropa.<\/p>\n<p>Wahlweise, k\u00f6nnen Sie die Falle auch mit Klappensicherung erwerben.<\/p>\n<p><strong>Gratis zur Waschb\u00e4rfalle: 30g Lockmittel Predagel.<\/strong><\/p>\n<p><span style=\"color: #008000;\"><strong>Unsere Lebendfalle ist bereits fertig montiert und Sie k\u00f6nnen sie sofort aufstellen!!!<\/strong><\/span><\/p>\n<h4>Hinweise!<\/h4>\n<ul>\n<li>Achten Sie auf einen geeigneten Aufstellplatz und kontrollieren Sie die Lebendfalle regelm\u00e4\u00dfig.<\/li>\n<li>Bitte beachten Sie die jeweils g\u00fcltigen Jagdgesetze in Ihrem Bundesland!<\/li>\n<li>Zus\u00e4tzliche Informationen \u00fcber die Fangjagd finden Sie <a href=\"https:\/\/www.jagdverband.de\/sites\/default\/files\/DJV_Wissenswertes_zur_Fangjagd_Web.pdf\"><span style=\"color: #008000;\"><strong>hier<\/strong><\/span><\/a>.<\/li>\n<\/ul>\n<p><strong>Herstellerinformationen:<\/strong><\/p>\n<p>Jagdfallen Steingraf, Berliner Stra\u00dfe 32, 15378 Hennickendorf, Telefon: 033434 801400, E-Mail: shop@jagdfallen.eu<\/p>\n","protected":false},"excerpt":{"rendered":"<p>Diese Waschb\u00e4rfalle und Lebendfalle eignet sich hervorragend zum Fang von Marder, Katzen, Waschb\u00e4r, Jungfuchs, Katzen und Kaninchen. Die Waschb\u00e4rfalle ist fertig montiert und ist sofort einsatzbereit.<\/p>\n<p>&nbsp;<\/p>\n","protected":false},"featured_media":183968,"template":"","meta":[],"product_brand":[],"product_cat":[578],"product_tag":[1876,1879,1926,1927],"class_list":{"0":"post-180564","1":"product","2":"type-product","3":"status-publish","4":"has-post-thumbnail","6":"product_cat-waschbaerfallen","7":"product_tag-katzenfalle","8":"product_tag-kastenfalle","9":"product_tag-waschbaer","10":"product_tag-waschbaerfalle","11":"product_shipping_class-waschbaerfalle","12":"pif-has-gallery","14":"first","15":"instock","16":"taxable","17":"shipping-taxable","18":"purchasable","19":"product-type-variable"},"_links":{"self":[{"href":"https:\/\/www.jagdfallen-steingraf.de\/index.php?rest_route=\/wp\/v2\/product\/180564","targetHints":{"allow":["GET"]}}],"collection":[{"href":"https:\/\/www.jagdfallen-steingraf.de\/index.php?rest_route=\/wp\/v2\/product"}],"about":[{"href":"https:\/\/www.jagdfallen-steingraf.de\/index.php?rest_route=\/wp\/v2\/types\/product"}],"version-history":[{"count":4,"href":"https:\/\/www.jagdfallen-steingraf.de\/index.php?rest_route=\/wp\/v2\/product\/180564\/revisions"}],"predecessor-version":[{"id":186455,"href":"https:\/\/www.jagdfallen-steingraf.de\/index.php?rest_route=\/wp\/v2\/product\/180564\/revisions\/186455"}],"wp:featuredmedia":[{"embeddable":true,"href":"https:\/\/www.jagdfallen-steingraf.de\/index.php?rest_route=\/wp\/v2\/media\/183968"}],"wp:attachment":[{"href":"https:\/\/www.jagdfallen-steingraf.de\/index.php?rest_route=%2Fwp%2Fv2%2Fmedia&parent=180564"}],"wp:term":[{"taxonomy":"product_brand","embeddable":true,"href":"https:\/\/www.jagdfallen-steingraf.de\/index.php?rest_route=%2Fwp%2Fv2%2Fproduct_brand&post=180564"},{"taxonomy":"product_cat","embeddable":true,"href":"https:\/\/www.jagdfallen-steingraf.de\/index.php?rest_route=%2Fwp%2Fv2%2Fproduct_cat&post=180564"},{"taxonomy":"product_tag","embeddable":true,"href":"https:\/\/www.jagdfallen-steingraf.de\/index.php?rest_route=%2Fwp%2Fv2%2Fproduct_tag&post=180564"}],"curies":[{"name":"wp","href":"https:\/\/api.w.org\/{rel}","templated":true}]}}