{"id":180562,"date":"2021-05-25T12:36:51","date_gmt":"2021-05-25T10:36:51","guid":{"rendered":"https:\/\/www.jagdfallen-steingraf.de\/?post_type=product&#038;p=180562"},"modified":"2025-10-01T09:22:27","modified_gmt":"2025-10-01T07:22:27","slug":"waschbaerfalle-cat-3-120cm","status":"publish","type":"product","link":"https:\/\/www.jagdfallen-steingraf.de\/?product=waschbaerfalle-cat-3-120cm","title":{"rendered":"Waschb\u00e4rfalle &#8211; Cat 3 (120cm)"},"content":{"rendered":"<p>Unsere <a href=\"https:\/\/www.jagdfallen-steingraf.de\/?product_cat=waschbaerfallen\">Waschb\u00e4rfalle<\/a> &#8211; Cat 3 ist eine klassische Kastenfalle und eignet sich deshalb hervorragend zum Fang von Waschb\u00e4ren, Mardern und Katzen.<\/p>\n<p>Die Waschb\u00e4rfalle &#8211; Cat 3 hat eine verschlie\u00dfbare \u00d6ffnung an der Oberseite. So k\u00f6nnen K\u00f6der einfach und unkompliziert in die Falle eingelegt werden.<\/p>\n<p>Die Ausl\u00f6sung erfolgt zuverl\u00e4ssig \u00fcber ein Trittbrett. Das Trittbrett befindet sich ca. 12cm vor dem Gitter. Somit muss das zu fangende Tier komplett in die Falle um an den K\u00f6der zu kommen. Damit lassen sich auch gr\u00f6\u00dfere Tiere problemlos fangen. Es empfiehlt sich den K\u00f6der nicht aufs Trittbrett sondern zwischen Trittbrett und Gitter zu platzieren, wodurch die Tiere gezwungen werden das Trittbrett zu betreten.<\/p>\n<p>Durch einen Drahtgittereinsatz ist eine sichere Fangkontrolle m\u00f6glich.<\/p>\n<p>Die Falle verf\u00fcgt \u00fcber einen praktischen Tragegriff, f\u00fcr einen leichten und sicheren Transport.<\/p>\n<p>F\u00fcr die Herstellung der Waschb\u00e4rfalle &#8211; Cat 3 w\u00e4hlen wir alle Materialien sehr sorgsam aus. Deshalb verarbeiten wir ausschlie\u00dflich europ\u00e4ische Siebdruckplatten. Diese werden auch im Fahrzeugbau verwendet. Dadurch ist die Falle nicht nur wetterfest, sondern auch stabil und extrem langlebig.\u00a0 In enger Zusammenarbeit mit unseren J\u00e4gern und Tierschutzvereine, haben wir die Falle im Laufe der Jahr perfekt optimiert. Diese Lebendfalle ist seit vielen Jahren in verschiedenen Jagdrevieren im Einsatz und hat sich dutch ihre robuste Bauweise und die enorm hohen Fangerfolge hat sie sich dort schon bestens bew\u00e4hrt. Alle Fallen sind zu 100% von uns in Deutschland handgefertigt. Hierbei handelt es sich nicht um Importe aus Osteuropa.<\/p>\n<p>Wahlweise, k\u00f6nnen Sie die Falle auch mit Klappensicherung erwerben.<\/p>\n<p><strong>Gratis zur Waschb\u00e4rfalle: 30g Lockmittel Predagel.<\/strong><\/p>\n<p><span style=\"color: #008000;\"><strong>Unsere Lebendfalle ist bereits fertig montiert und Sie k\u00f6nnen sie sofort aufstellen!!!<\/strong><\/span><\/p>\n<h4>Hinweise!<\/h4>\n<ul>\n<li>Achten Sie auf einen geeigneten Aufstellplatz und kontrollieren Sie die Lebendfalle regelm\u00e4\u00dfig.<\/li>\n<li>Bitte beachten Sie die jeweils g\u00fcltigen Jagdgesetze in Ihrem Bundesland!<\/li>\n<li>Zus\u00e4tzliche Informationen \u00fcber die Fangjagd finden Sie <a href=\"https:\/\/www.jagdverband.de\/sites\/default\/files\/DJV_Wissenswertes_zur_Fangjagd_Web.pdf\"><span style=\"color: #008000;\"><strong>hier<\/strong><\/span><\/a>.<\/li>\n<\/ul>\n<p><strong>Herstellerinformationen:<\/strong><\/p>\n<p>Jagdfallen Steingraf, Berliner Stra\u00dfe 32, 15378 Hennickendorf, Telefon: 033434 801400, E-Mail: shop@jagdfallen.eu<\/p>\n<p>&nbsp;<\/p>\n","protected":false},"excerpt":{"rendered":"<p>Unsere Waschb\u00e4rfalle ist eine klassische Kastenfalle und eignet sich deshalb hervorragend zum Fang von Waschb\u00e4r, Marder, Katze und Kaninchen. Die Ausl\u00f6sung erfolgt \u00fcber ein Trittbrett.<\/p>\n<p>&nbsp;<\/p>\n","protected":false},"featured_media":183960,"template":"","meta":[],"product_brand":[],"product_cat":[578],"product_tag":[1879,1926,1927],"class_list":{"0":"post-180562","1":"product","2":"type-product","3":"status-publish","4":"has-post-thumbnail","6":"product_cat-waschbaerfallen","7":"product_tag-kastenfalle","8":"product_tag-waschbaer","9":"product_tag-waschbaerfalle","10":"product_shipping_class-waschbaerfalle","11":"pif-has-gallery","13":"first","14":"instock","15":"taxable","16":"shipping-taxable","17":"purchasable","18":"product-type-variable"},"_links":{"self":[{"href":"https:\/\/www.jagdfallen-steingraf.de\/index.php?rest_route=\/wp\/v2\/product\/180562","targetHints":{"allow":["GET"]}}],"collection":[{"href":"https:\/\/www.jagdfallen-steingraf.de\/index.php?rest_route=\/wp\/v2\/product"}],"about":[{"href":"https:\/\/www.jagdfallen-steingraf.de\/index.php?rest_route=\/wp\/v2\/types\/product"}],"version-history":[{"count":4,"href":"https:\/\/www.jagdfallen-steingraf.de\/index.php?rest_route=\/wp\/v2\/product\/180562\/revisions"}],"predecessor-version":[{"id":187491,"href":"https:\/\/www.jagdfallen-steingraf.de\/index.php?rest_route=\/wp\/v2\/product\/180562\/revisions\/187491"}],"wp:featuredmedia":[{"embeddable":true,"href":"https:\/\/www.jagdfallen-steingraf.de\/index.php?rest_route=\/wp\/v2\/media\/183960"}],"wp:attachment":[{"href":"https:\/\/www.jagdfallen-steingraf.de\/index.php?rest_route=%2Fwp%2Fv2%2Fmedia&parent=180562"}],"wp:term":[{"taxonomy":"product_brand","embeddable":true,"href":"https:\/\/www.jagdfallen-steingraf.de\/index.php?rest_route=%2Fwp%2Fv2%2Fproduct_brand&post=180562"},{"taxonomy":"product_cat","embeddable":true,"href":"https:\/\/www.jagdfallen-steingraf.de\/index.php?rest_route=%2Fwp%2Fv2%2Fproduct_cat&post=180562"},{"taxonomy":"product_tag","embeddable":true,"href":"https:\/\/www.jagdfallen-steingraf.de\/index.php?rest_route=%2Fwp%2Fv2%2Fproduct_tag&post=180562"}],"curies":[{"name":"wp","href":"https:\/\/api.w.org\/{rel}","templated":true}]}}