{"id":180558,"date":"2021-05-25T12:10:56","date_gmt":"2021-05-25T10:10:56","guid":{"rendered":"https:\/\/www.jagdfallen-steingraf.de\/?post_type=product&#038;p=180558"},"modified":"2025-10-22T08:47:39","modified_gmt":"2025-10-22T06:47:39","slug":"waschbaerfalle-cat-1-140cm","status":"publish","type":"product","link":"https:\/\/www.jagdfallen-steingraf.de\/?product=waschbaerfalle-cat-1-140cm","title":{"rendered":"Waschb\u00e4rfalle &#8211; Cat 1 (140cm)"},"content":{"rendered":"<p><strong>L\u00e4nge f\u00e4ngt!<\/strong> Dies haben wir uns bei unserer Waschb\u00e4rfalle &#8211; Cat 1 zu Herzen genommen.<\/p>\n<p>Unsere <a href=\"https:\/\/www.jagdfallen-steingraf.de\/?product_cat=waschbaerfallen\">Waschb\u00e4rfalle<\/a> &#8211; Cat 1 ist eine klassische Kastenfalle und eignet sich deshalb hervorragend zum Fang von Waschb\u00e4ren, Katzen, Mardern und Jungf\u00fcchsen.<\/p>\n<p>Die Waschb\u00e4rfalle hat eine verschlie\u00dfbare \u00d6ffnung an der Oberseite zum Einlegen der K\u00f6der. Die Ausl\u00f6sung erfolgt zuverl\u00e4ssig \u00fcber ein Trittbrett. Das Trittbrett haben wir zus\u00e4tzlich verst\u00e4rkt, damit das gefangene Tier dieses nicht anfressen kann.<\/p>\n<p>Ein Drahtgittereinsatz an der Oberseite der Falle, erm\u00f6glicht Ihnen eine sichere Fangkontrolle.<\/p>\n<p>Zur besseren Tarnung k\u00f6nnen Sie den Boden der Lebendfalle komplett mit Sand, Erde, Laub, Tannennadeln oder unserem Spezial-Falleneinstreu verblenden. Gerne k\u00f6nnen Sie uns kontaktieren und wir geben Ihnen weitere Tipps zur Fallenjagd.<\/p>\n<p><span class=\"a-list-item\">Um den Stress der gefangenen Tiere zu verringern, m\u00fcssen Lebendfallen gem\u00e4\u00df den g\u00fcltigen Jagdgesetzen abgedunkelt sein. Alle unsere Fallen entsprechen den aktuellen Jagdgesetzen. Auch in den Gr\u00f6\u00dfen, entsprechen alle unsere Fallen den gesetzlichen Vorgaben. <\/span><\/p>\n<p>F\u00fcr die Herstellung der Waschb\u00e4rfalle &#8211; Cat 1 w\u00e4hlen wir alle Materialien sehr sorgsam aus, deshalb verarbeiten wir ausschlie\u00dflich europ\u00e4ische Siebdruckplatten. Diese werden auch im Fahrzeugbau verwendet. Dadurch ist die Falle nicht nur wetterfest, sondern auch sehr stabil und extrem langlebig. Diese Falle ist seit vielen Jahren in verschiedenen Jagdrevieren im Einsatz.\u00a0 Durch ihre robuste Bauweise und die enorm hohen Fangerfolge hat sie sich dort schon bestens bew\u00e4hrt.<\/p>\n<p>Alle Fallen sind zu 100% von uns in Deutschland handgefertigt. Hierbei handelt es sich nicht um Importe aus Osteuropa.<\/p>\n<p><strong>Gratis zur Waschb\u00e4rfalle: 30g von unserem Lockmittel Predagel!<\/strong><\/p>\n<p><span style=\"color: #008000;\"><strong>Unsere Waschb\u00e4rfalle ist bereits fertig montiert und Sie k\u00f6nnen sie sofort aufstellen!<\/strong><\/span><\/p>\n<p><strong>Hinweise!<\/strong><\/p>\n<ul>\n<li>Achten Sie auf einen geeigneten Aufstellplatz und kontrollieren Sie die Lebendfalle regelm\u00e4\u00dfig.<\/li>\n<li>Bitte beachten Sie die jeweils g\u00fcltigen Jagdgesetze in Ihrem Bundesland !<\/li>\n<li>Zus\u00e4tzliche Informationen \u00fcber die Fangjagd finden Sie <a href=\"https:\/\/www.jagdverband.de\/sites\/default\/files\/DJV_Wissenswertes_zur_Fangjagd_Web.pdf\"><span style=\"color: #008000;\"><strong>hier<\/strong><\/span><\/a>.<\/li>\n<\/ul>\n<p><strong>Herstellerinformationen:<\/strong><\/p>\n<p>Jagdfallen Steingraf, Berliner Stra\u00dfe 32, 15378 Hennickendorf, Telefon: 033434 801400, E-Mail: shop@jagdfallen.eu<\/p>\n","protected":false},"excerpt":{"rendered":"<p>Diese Waschb\u00e4rfalle und Lebendfalle eignet sich hervorragend zum Fang von Marder, Katzen, Waschb\u00e4r, Jungfuchs, Katzen und Kaninchen. Die Ausl\u00f6sung erfolgt zuverl\u00e4ssig \u00fcber ein Trittbrett.<\/p>\n<p>&nbsp;<\/p>\n","protected":false},"featured_media":183950,"template":"","meta":[],"product_brand":[],"product_cat":[578],"product_tag":[1879,1926,1927],"class_list":{"0":"post-180558","1":"product","2":"type-product","3":"status-publish","4":"has-post-thumbnail","6":"product_cat-waschbaerfallen","7":"product_tag-kastenfalle","8":"product_tag-waschbaer","9":"product_tag-waschbaerfalle","10":"pif-has-gallery","12":"first","13":"instock","14":"taxable","15":"shipping-taxable","16":"purchasable","17":"product-type-variable"},"_links":{"self":[{"href":"https:\/\/www.jagdfallen-steingraf.de\/index.php?rest_route=\/wp\/v2\/product\/180558","targetHints":{"allow":["GET"]}}],"collection":[{"href":"https:\/\/www.jagdfallen-steingraf.de\/index.php?rest_route=\/wp\/v2\/product"}],"about":[{"href":"https:\/\/www.jagdfallen-steingraf.de\/index.php?rest_route=\/wp\/v2\/types\/product"}],"version-history":[{"count":3,"href":"https:\/\/www.jagdfallen-steingraf.de\/index.php?rest_route=\/wp\/v2\/product\/180558\/revisions"}],"predecessor-version":[{"id":186740,"href":"https:\/\/www.jagdfallen-steingraf.de\/index.php?rest_route=\/wp\/v2\/product\/180558\/revisions\/186740"}],"wp:featuredmedia":[{"embeddable":true,"href":"https:\/\/www.jagdfallen-steingraf.de\/index.php?rest_route=\/wp\/v2\/media\/183950"}],"wp:attachment":[{"href":"https:\/\/www.jagdfallen-steingraf.de\/index.php?rest_route=%2Fwp%2Fv2%2Fmedia&parent=180558"}],"wp:term":[{"taxonomy":"product_brand","embeddable":true,"href":"https:\/\/www.jagdfallen-steingraf.de\/index.php?rest_route=%2Fwp%2Fv2%2Fproduct_brand&post=180558"},{"taxonomy":"product_cat","embeddable":true,"href":"https:\/\/www.jagdfallen-steingraf.de\/index.php?rest_route=%2Fwp%2Fv2%2Fproduct_cat&post=180558"},{"taxonomy":"product_tag","embeddable":true,"href":"https:\/\/www.jagdfallen-steingraf.de\/index.php?rest_route=%2Fwp%2Fv2%2Fproduct_tag&post=180558"}],"curies":[{"name":"wp","href":"https:\/\/api.w.org\/{rel}","templated":true}]}}