{"id":180541,"date":"2021-05-21T14:06:26","date_gmt":"2021-05-21T12:06:26","guid":{"rendered":"https:\/\/www.jagdfallen-steingraf.de\/?post_type=product&#038;p=180541"},"modified":"2025-03-20T09:59:23","modified_gmt":"2025-03-20T08:59:23","slug":"kofferfalle-xxl-bausatz","status":"publish","type":"product","link":"https:\/\/www.jagdfallen-steingraf.de\/shop\/kofferfalle-bausatz\/","title":{"rendered":"Kofferfalle-XXL(Bausatz)"},"content":{"rendered":"<p>Diese <a href=\"https:\/\/www.jagdfallen-steingraf.de\/?product_cat=fuchsfallen\">Kofferfalle<\/a>-XXL und Lebendfalle eignet sich hervorragend zum Fang von Marder, Katzen, Waschb\u00e4r, Jungfuchs und Kaninchen.<br \/>\nDie Ausl\u00f6sung erfolgt zuverl\u00e4ssig \u00fcber ein Trittbrett mit Edelstahlgest\u00e4nge. Zur besseren Tarnung k\u00f6nnen Sie den Boden der Lebendfalle komplett mit Sand,<br \/>\nErde, Laub oder Tannennadeln verblenden. F\u00fcr die Herstellung der Kofferfalle-XXL w\u00e4hlen wir alle Materialien sehr sorgsam aus.<br \/>\nDeshalb verarbeiten wir ausschlie\u00dflich europ\u00e4ische Siebdruckplatten. Diese werden\u00a0 auch im Fahrzeugbau verwendet. Dadurch wird die Falle sehr stabil und extrem langlebig.<\/p>\n<p>Diese Falle ist seit vielen Jahren in verschiedenen Jagdrevieren im Einsatz.\u00a0 Durch ihre robuste Bauweise und die enorm hohen Fangerfolge hat sie sich dort schon bestens bew\u00e4hrt.<br \/>\nBei dieser besonders hochwertigen Falle sind zus\u00e4tzlich alle Schnittkanten versiegelt. Dadurch wird die Langlebigkeit der Falle noch weiter verbessert.<\/p>\n<p><strong>Aufgrund der Gr\u00f6\u00dfe ist ein Versand im zusammengebauten Zustand nicht m\u00f6glich, daher wird die Falle als Bausatz, mit einer ausf\u00fchrlichen Aufbauanleitung geliefert. Sollten Sie fragen zum Aufbau der Kofferfalle haben, k\u00f6nnen Sie uns gerne kontaktieren.<br \/>\n<\/strong><\/p>\n<p>Als einziges Werkzeug ben\u00f6tigen Sie einen Akkubohrer und einen Tacker.<\/p>\n<p>Das Gitter ist im Lieferumfang enthalten (auf dem Foto nicht abgebildet).<\/p>\n<p><span style=\"color: #993300;\"><strong>Falle wird als Bausatz geliefert!!!<\/strong><\/span><\/p>\n<p>Alle Fallen sind zu 100% von uns in Deutschland handgefertigt. Hierbei handelt es sich nicht um Importe aus Osteuropa.<\/p>\n<h4>Hinweise!<\/h4>\n<ul>\n<li>Achten Sie auf einen geeigneten Aufstellplatz und kontrollieren Sie die Lebendfalle regelm\u00e4\u00dfig.<\/li>\n<li>Bitte beachten Sie die jeweils g\u00fcltigen Jagdgesetze in Ihrem Bundesland!<\/li>\n<li>Zus\u00e4tzliche Informationen \u00fcber die Fangjagd finden Sie <span style=\"color: #008000;\"><strong><a style=\"color: #008000;\" href=\"https:\/\/www.jagdverband.de\/sites\/default\/files\/DJV_Wissenswertes_zur_Fangjagd_Web.pdf\">hier<\/a><\/strong><\/span>.<\/li>\n<\/ul>\n<p><strong>Herstellerinformationen:<\/strong><\/p>\n<p>Jagdfallen Steingraf, Berliner Stra\u00dfe 32, 15378 Hennickendorf, Telefon: 033434 801400, E-Mail: shop@jagdfallen.eu<\/p>\n","protected":false},"excerpt":{"rendered":"<p>Diese Kofferfalle und Lebendfalle eignet sich hervorragend zum Fang von Marder, Katzen, Waschb\u00e4r, Jungfuchs und Kaninchen. Diese Falle ist seit vielen Jahren in verschiedenen Jagdrevieren im Einsatz.\u00a0 Durch ihre robuste Bauweise und die enorm hohen Fangerfolge hat sie sich dort schon bestens bew\u00e4hrt.<\/p>\n<p><span style=\"color: #993300;\"><strong>Falle wird als Bausatz geliefert!!!<\/strong><\/span><\/p>\n","protected":false},"featured_media":169956,"template":"","meta":[],"product_brand":[],"product_cat":[575,576],"product_tag":[1893,1907,1914],"class_list":{"0":"post-180541","1":"product","2":"type-product","3":"status-publish","4":"has-post-thumbnail","6":"product_cat-fuchsfallen","7":"product_cat-dachsfallen","8":"product_tag-fuchsfalle","9":"product_tag-kleintierfalle","10":"product_tag-kofferfalle","11":"pa_ausloesung-trittbrettausloesung","12":"pif-has-gallery","14":"first","15":"outofstock","16":"taxable","17":"shipping-taxable","18":"purchasable","19":"product-type-simple"},"_links":{"self":[{"href":"https:\/\/www.jagdfallen-steingraf.de\/index.php?rest_route=\/wp\/v2\/product\/180541","targetHints":{"allow":["GET"]}}],"collection":[{"href":"https:\/\/www.jagdfallen-steingraf.de\/index.php?rest_route=\/wp\/v2\/product"}],"about":[{"href":"https:\/\/www.jagdfallen-steingraf.de\/index.php?rest_route=\/wp\/v2\/types\/product"}],"version-history":[{"count":3,"href":"https:\/\/www.jagdfallen-steingraf.de\/index.php?rest_route=\/wp\/v2\/product\/180541\/revisions"}],"predecessor-version":[{"id":186949,"href":"https:\/\/www.jagdfallen-steingraf.de\/index.php?rest_route=\/wp\/v2\/product\/180541\/revisions\/186949"}],"wp:featuredmedia":[{"embeddable":true,"href":"https:\/\/www.jagdfallen-steingraf.de\/index.php?rest_route=\/wp\/v2\/media\/169956"}],"wp:attachment":[{"href":"https:\/\/www.jagdfallen-steingraf.de\/index.php?rest_route=%2Fwp%2Fv2%2Fmedia&parent=180541"}],"wp:term":[{"taxonomy":"product_brand","embeddable":true,"href":"https:\/\/www.jagdfallen-steingraf.de\/index.php?rest_route=%2Fwp%2Fv2%2Fproduct_brand&post=180541"},{"taxonomy":"product_cat","embeddable":true,"href":"https:\/\/www.jagdfallen-steingraf.de\/index.php?rest_route=%2Fwp%2Fv2%2Fproduct_cat&post=180541"},{"taxonomy":"product_tag","embeddable":true,"href":"https:\/\/www.jagdfallen-steingraf.de\/index.php?rest_route=%2Fwp%2Fv2%2Fproduct_tag&post=180541"}],"curies":[{"name":"wp","href":"https:\/\/api.w.org\/{rel}","templated":true}]}}