{"id":180522,"date":"2021-05-21T10:55:01","date_gmt":"2021-05-21T08:55:01","guid":{"rendered":"https:\/\/www.jagdfallen-steingraf.de\/?post_type=product&#038;p=180522"},"modified":"2026-04-15T09:49:48","modified_gmt":"2026-04-15T07:49:48","slug":"marderfalle-hunter-light","status":"publish","type":"product","link":"https:\/\/www.jagdfallen-steingraf.de\/?product=marderfalle-hunter-light","title":{"rendered":"Marderfalle \u2013 Hunter light 2023"},"content":{"rendered":"<p>Unsere <a href=\"https:\/\/www.jagdfallen-steingraf.de\/?product_cat=marderfallen\">Marderfalle<\/a> \u2013 Hunter light ist eine klassische Kastenfalle und eignet sich deshalb hervorragend zum Fang von Mardern.<\/p>\n<p>Die Marderfalle hat eine verschlie\u00dfbare \u00d6ffnung an der Oberseite, f\u00fcr ein einfaches Einlegen der K\u00f6der. Die Ausl\u00f6sung erfolgt zuverl\u00e4ssig \u00fcber ein Trittbrett mit Edelstahlgest\u00e4nge. Ein Drahtgittereinsatz erm\u00f6glicht Ihnen eine sichere Fangkontrolle.<\/p>\n<p>F\u00fcr die Herstellung der Marderfalle w\u00e4hlen wir alle Materialien sehr sorgsam aus. Deshalb verarbeiten wir ausschlie\u00dflich europ\u00e4ische Siebdruckplatten.<br \/>\nDiese werden\u00a0 auch im Fahrzeugbau verwendet. Dadurch wird die Falle sehr stabil und extrem langlebig. Alle Fallen sind zu 100% von uns in Deutschland gefertigt. Hierbei handelt es sich nicht um Importe aus Osteuropa.<\/p>\n<p><span class=\"a-list-item\">Alle Verbesserungsvorschl\u00e4ge unserer J\u00e4ger und Tierschutzvereine flie\u00dfen in unsere Fallen und andere Produkte mit ein.<\/span> Diese Marderfalle ist seit vielen Jahren in verschiedenen Jagdrevieren im Einsatz und hat sich durch ihre robuste Bauweise und die enorm hohen Fangerfolge schon bestens bew\u00e4hrt.<\/p>\n<p><span class=\"a-list-item\">Um den Stress der gefangenen Tiere zu verringern, m\u00fcssen Lebendfallen gem\u00e4\u00df den g\u00fcltigen Jagdgesetzen abgedunkelt sein. Alle unsere Fallen entsprechen den aktuellen Jagdgesetzen. Auch in den Gr\u00f6\u00dfen, entsprechen alle unsere Fallen den gesetzlichen Vorgaben. <\/span><\/p>\n<p><span style=\"color: #008000;\"><strong>Unsere Marderfalle ist bereits fertig montiert und Sie k\u00f6nnen sie sofort aufstellen!<\/strong><\/span><\/p>\n<p><span style=\"color: #993300;\"><strong><span style=\"color: #000000;\">Gratis zur Marderfalle : 30g von unserem Lockstoff Predagel!<\/span><\/strong><\/span><\/p>\n<p><strong>Hinweise!<\/strong><\/p>\n<ul>\n<li>Achten Sie auf einen geeigneten Aufstellplatz und kontrollieren Sie die Lebendfalle regelm\u00e4\u00dfig.<\/li>\n<li>Bitte beachten Sie die jeweils g\u00fcltigen Jagdgesetze in Ihrem Bundesland !<\/li>\n<li>Zus\u00e4tzliche Informationen \u00fcber die Fangjagd finden Sie <strong><span style=\"color: #008000;\"><a style=\"color: #008000;\" href=\"https:\/\/www.jagdverband.de\/sites\/default\/files\/DJV_Wissenswertes_zur_Fangjagd_Web.pdf\">hier<\/a><\/span><\/strong>.<\/li>\n<\/ul>\n<p><strong>Herstellerinformationen:<\/strong><\/p>\n<p>Jagdfallen Steingraf, Berliner Stra\u00dfe 32, 15378 Hennickendorf, Telefon: 033434 801400, E-Mail: shop@jagdfallen.eu<\/p>\n","protected":false},"excerpt":{"rendered":"<p>Die Marderfalle \u2013 Hunter light eignet sich hervorragend zum Fang von Marder, Iltis, Ratten, Kaninchen. Gratis zur Marderfalle : 30g von unserem Lockstoff Predagel!<\/p>\n","protected":false},"featured_media":183972,"template":"","meta":[],"product_brand":[],"product_cat":[577],"product_tag":[1907,1879,1906],"class_list":{"0":"post-180522","1":"product","2":"type-product","3":"status-publish","4":"has-post-thumbnail","6":"product_cat-marderfallen","7":"product_tag-kleintierfalle","8":"product_tag-kastenfalle","9":"product_tag-marderfalle","10":"pif-has-gallery","12":"first","13":"instock","14":"taxable","15":"shipping-taxable","16":"purchasable","17":"product-type-variable"},"_links":{"self":[{"href":"https:\/\/www.jagdfallen-steingraf.de\/index.php?rest_route=\/wp\/v2\/product\/180522","targetHints":{"allow":["GET"]}}],"collection":[{"href":"https:\/\/www.jagdfallen-steingraf.de\/index.php?rest_route=\/wp\/v2\/product"}],"about":[{"href":"https:\/\/www.jagdfallen-steingraf.de\/index.php?rest_route=\/wp\/v2\/types\/product"}],"version-history":[{"count":3,"href":"https:\/\/www.jagdfallen-steingraf.de\/index.php?rest_route=\/wp\/v2\/product\/180522\/revisions"}],"predecessor-version":[{"id":186947,"href":"https:\/\/www.jagdfallen-steingraf.de\/index.php?rest_route=\/wp\/v2\/product\/180522\/revisions\/186947"}],"wp:featuredmedia":[{"embeddable":true,"href":"https:\/\/www.jagdfallen-steingraf.de\/index.php?rest_route=\/wp\/v2\/media\/183972"}],"wp:attachment":[{"href":"https:\/\/www.jagdfallen-steingraf.de\/index.php?rest_route=%2Fwp%2Fv2%2Fmedia&parent=180522"}],"wp:term":[{"taxonomy":"product_brand","embeddable":true,"href":"https:\/\/www.jagdfallen-steingraf.de\/index.php?rest_route=%2Fwp%2Fv2%2Fproduct_brand&post=180522"},{"taxonomy":"product_cat","embeddable":true,"href":"https:\/\/www.jagdfallen-steingraf.de\/index.php?rest_route=%2Fwp%2Fv2%2Fproduct_cat&post=180522"},{"taxonomy":"product_tag","embeddable":true,"href":"https:\/\/www.jagdfallen-steingraf.de\/index.php?rest_route=%2Fwp%2Fv2%2Fproduct_tag&post=180522"}],"curies":[{"name":"wp","href":"https:\/\/api.w.org\/{rel}","templated":true}]}}