{"id":180475,"date":"2021-05-20T14:23:36","date_gmt":"2021-05-20T12:23:36","guid":{"rendered":"https:\/\/www.jagdfallen-steingraf.de\/?post_type=product&#038;p=180475"},"modified":"2025-08-07T10:35:14","modified_gmt":"2025-08-07T08:35:14","slug":"fuchsfalle-fox-extreme-300cm","status":"publish","type":"product","link":"https:\/\/www.jagdfallen-steingraf.de\/?product=fuchsfalle-fox-extreme-300cm","title":{"rendered":"Fuchsfalle &#8211; Fox 5 (300cm) mit ebenerdigen Trittbrett"},"content":{"rendered":"<p>Die <a href=\"https:\/\/www.jagdfallen-steingraf.de\/?product_cat=fuchsfallen\">Fuchsfalle<\/a> &#8211; Fox 5, wurde in langer Zusammenarbeit mit unseren J\u00e4gern entwickelt. Sie dient als als\u00a0 Alternative zur Betonrohrfalle. Die Vorteile liegen dabei klar auf der Hand: leichter Transport und schnelles Umsetzen der Falle.<\/p>\n<p>Diese Kastenfalle eignet sich hervorragend zum Fang von F\u00fcchsen, ebenso auch f\u00fcr Tiere, wie Dachs, Waschb\u00e4r, Marder und Katzen.<\/p>\n<p>F\u00fcr die Herstellung der Fuchsfalle &#8211; Fox 5 (300cm) w\u00e4hlen wir alle Materialien sehr sorgsam aus. Wir verarbeiten deshalb ausschlie\u00dflich europ\u00e4ische Siebdruckplatten, die auch im Fahrzeugbau verwendet werden. Dadurch wird die Falle sehr stabil und extrem langlebig.<\/p>\n<p>Unsere Fallen sind seit vielen Jahren in verschiedenen Jagdrevieren im Einsatz.\u00a0 Durch ihre robuste Bauweise und die enorm hohen Fangerfolge hat sie sich dort schon bestens bew\u00e4hrt. Bei dieser besonders hochwertigen Falle haben wir zus\u00e4tzlich alle Schnittkanten versiegelt, wodurch sich die Langlebigkeit der Falle noch weiter verbessert. Die Ausl\u00f6sung der Kastenfalle erfolgt \u00fcber ein in den Boden eingelassenes Trittbrett von ca. 30cm L\u00e4nge. Ein Her\u00fcbersteigen des Tieres ist somit unwahrscheinlich.<\/p>\n<p>Sie k\u00f6nnen die Falle in drei Teile zerlegen, zu je\u00a01 m St\u00fccken. Das erleichtert Ihnen den Transport erheblich. Besonderes Augenmerk haben wir auf die Verbindungssteifigkeit gelegt, damit sich die Falle im Einsatz nicht verdreht. Die Klappen haben wir von innen mit Stahl verst\u00e4rkt, sodass sie nicht durchgefressen werden k\u00f6nnen.<\/p>\n<p><span style=\"color: #008000;\"><strong>Die Falle wird in drei Teilen geliefert!!!<\/strong><\/span><\/p>\n<h4>Hinweise!<\/h4>\n<ul>\n<li>Achten Sie auf einen geeigneten Aufstellplatz und kontrollieren Sie die Lebendfalle regelm\u00e4\u00dfig.<\/li>\n<li>Bitte beachten Sie die jeweils g\u00fcltigen Jagdgesetze in Ihrem Bundesland !<\/li>\n<li>Zus\u00e4tzliche Informationen \u00fcber die Fangjagd finden Sie <span style=\"color: #008000;\"><strong><a style=\"color: #008000;\" href=\"https:\/\/www.jagdverband.de\/sites\/default\/files\/DJV_Wissenswertes_zur_Fangjagd_Web.pdf\">hier<\/a><\/strong><\/span>.<\/li>\n<\/ul>\n<p>&nbsp;<\/p>\n","protected":false},"excerpt":{"rendered":"<p>Diese Fuchsfalle Fox5 (300cm)\u00a0 wurde in langer Zusammenarbeit mit unseren J\u00e4gern, alternativ zur Betonrohrfalle entwickelt.<br \/>\nDie Vorteile liegen klar auf der Hand: leichter Transport und schnelles umsetzen der Falle.<\/p>\n<p style=\"font: bold 14pt Arial; color: #006600;\">\n","protected":false},"featured_media":182591,"template":"","meta":[],"product_brand":[],"product_cat":[575],"product_tag":[1893,1879,1892],"class_list":{"0":"post-180475","1":"product","2":"type-product","3":"status-publish","4":"has-post-thumbnail","6":"product_cat-fuchsfallen","7":"product_tag-fuchsfalle","8":"product_tag-kastenfalle","9":"product_tag-fuchs","10":"product_shipping_class-fuchsfalle-300cm","11":"pa_ausloesung-trittbrettausloesung","12":"pif-has-gallery","14":"first","15":"instock","16":"taxable","17":"shipping-taxable","18":"purchasable","19":"product-type-simple"},"_links":{"self":[{"href":"https:\/\/www.jagdfallen-steingraf.de\/index.php?rest_route=\/wp\/v2\/product\/180475","targetHints":{"allow":["GET"]}}],"collection":[{"href":"https:\/\/www.jagdfallen-steingraf.de\/index.php?rest_route=\/wp\/v2\/product"}],"about":[{"href":"https:\/\/www.jagdfallen-steingraf.de\/index.php?rest_route=\/wp\/v2\/types\/product"}],"version-history":[{"count":2,"href":"https:\/\/www.jagdfallen-steingraf.de\/index.php?rest_route=\/wp\/v2\/product\/180475\/revisions"}],"predecessor-version":[{"id":186646,"href":"https:\/\/www.jagdfallen-steingraf.de\/index.php?rest_route=\/wp\/v2\/product\/180475\/revisions\/186646"}],"wp:featuredmedia":[{"embeddable":true,"href":"https:\/\/www.jagdfallen-steingraf.de\/index.php?rest_route=\/wp\/v2\/media\/182591"}],"wp:attachment":[{"href":"https:\/\/www.jagdfallen-steingraf.de\/index.php?rest_route=%2Fwp%2Fv2%2Fmedia&parent=180475"}],"wp:term":[{"taxonomy":"product_brand","embeddable":true,"href":"https:\/\/www.jagdfallen-steingraf.de\/index.php?rest_route=%2Fwp%2Fv2%2Fproduct_brand&post=180475"},{"taxonomy":"product_cat","embeddable":true,"href":"https:\/\/www.jagdfallen-steingraf.de\/index.php?rest_route=%2Fwp%2Fv2%2Fproduct_cat&post=180475"},{"taxonomy":"product_tag","embeddable":true,"href":"https:\/\/www.jagdfallen-steingraf.de\/index.php?rest_route=%2Fwp%2Fv2%2Fproduct_tag&post=180475"}],"curies":[{"name":"wp","href":"https:\/\/api.w.org\/{rel}","templated":true}]}}