{"id":180457,"date":"2021-05-20T13:30:05","date_gmt":"2021-05-20T11:30:05","guid":{"rendered":"https:\/\/www.jagdfallen-steingraf.de\/?post_type=product&#038;p=180457"},"modified":"2025-08-07T10:33:47","modified_gmt":"2025-08-07T08:33:47","slug":"fuchsfalle-fox-3-deluxe-200cm","status":"publish","type":"product","link":"https:\/\/www.jagdfallen-steingraf.de\/?product=fuchsfalle-fox-3-deluxe-200cm","title":{"rendered":"Fuchsfalle &#8211; Fox 3 DeLuxe (200cm)"},"content":{"rendered":"<p>Unsere Fuchsfalle &#8211; Fox 3 DeLuxe (200cm) ist eine klassische Kastenfalle und eignet sich hervorragend zum Fang von F\u00fcchsen. Sie besteht aus zwei Teilen zu je einem Meter L\u00e4nge.<\/p>\n<p>Die Fuchsfalle besitzt einen durchgehenden Deckel, wodurch die ganze Mechanik vor Witterungseinfl\u00fcssen gesch\u00fctzt liegt. Die Oberseite des Fangraumes ist komplett vergittert, wodurch der gesamte Fangraum eingesehen werden kann Die feine Ringausl\u00f6sung befindet sich im Inneren der Falle. Ein Ausl\u00f6sen, bevor sich das zu fangende Tier in der Falle befindet, ist unm\u00f6glich. Diese Fuchsfalle hat kein Trittbrett und kein Gest\u00e4nge, somit ist ein Ausl\u00f6sung durch Ersch\u00fctterungen oder andere \u00e4u\u00dfere Einfl\u00fcsse ausgeschlossen. Der K\u00f6der wird mit einem d\u00fcnnen Draht direkt mit dem Ausl\u00f6semechanismus verbunden. Dieser l\u00f6st erst dann aus, wenn ein Tier sich den K\u00f6der greift.<\/p>\n<p>Wahlweise verbauen wir die Fuchsfalle auch mit einer Trittbrettausl\u00f6sung.\u00a0 Die Ausl\u00f6sung erfolgt \u00fcber eine innenliegende Seilzugausl\u00f6sung.<\/p>\n<p>Zur besseren Tarnung k\u00f6nnen Sie den Boden der Lebendfalle komplett mit Sand, Erde, Laub oder Tannennadeln verblenden.<\/p>\n<p>F\u00fcr die Herstellung der <a href=\"https:\/\/www.jagdfallen-steingraf.de\/?product_cat=fuchsfallen\">Fuchsfalle<\/a> &#8211; Fox 3 DeLuxe (200cm) w\u00e4hlen wir alle Materialien sehr sorgsam aus. Deshalb verarbeiten wir ausschlie\u00dflich europ\u00e4ische Siebdruckplatten. Diese werden\u00a0 auch im Fahrzeugbau verwendet. Dadurch wird die Falle sehr stabil und extrem langlebig.<\/p>\n<p>Diese Falle ist seit vielen Jahren in verschiedenen Jagdrevieren im Einsatz.\u00a0 Durch ihre robuste Bauweise und die enorm hohen Fangerfolge hat sie sich dort schon bestens bew\u00e4hrt. Bei dieser besonders hochwertigen Falle sind zus\u00e4tzlich alle Schnittkanten versiegelt. Dadurch wird die Langlebigkeit der Falle noch weiter verbessert.<\/p>\n<p><strong>Alle Fallen sind zu 100% von uns in Deutschland handgefertigt. Hierbei handelt es sich nicht um Importe aus Osteuropa.<\/strong><\/p>\n<h4>Hinweise!<\/h4>\n<ul style=\"list-style-type: square;\">\n<li>Achten Sie auf einen geeigneten Aufstellplatz und kontrollieren Sie die Lebendfalle regelm\u00e4\u00dfig.<\/li>\n<li>Bitte beachten Sie die jeweils g\u00fcltigen Jagdgesetze in Ihrem Bundesland!<\/li>\n<li>Zus\u00e4tzliche Informationen \u00fcber die Fangjagd finden Sie <span style=\"color: #008000;\"><strong>hier<\/strong><\/span>.<\/li>\n<\/ul>\n<p><strong>Herstellerinformationen:<\/strong><\/p>\n<p>Jagdfallen Steingraf, Berliner Stra\u00dfe 32, 15378 Hennickendorf, Telefon: 033434 801400, E-Mail: shop@jagdfallen.eu<\/p>\n","protected":false},"excerpt":{"rendered":"<p>Diese Fuchsfalle &#8211; Fox 3 DeLuxe und Lebendfalle eignet sich hervorragend zum Fang von F\u00fcchsen, ebenso auch f\u00fcr Tiere, wie Dachs, Waschb\u00e4r, Marder und Katzen.<\/p>\n","protected":false},"featured_media":61630,"template":"","meta":[],"product_brand":[],"product_cat":[575],"product_tag":[1903,1879,1892],"class_list":{"0":"post-180457","1":"product","2":"type-product","3":"status-publish","4":"has-post-thumbnail","6":"product_cat-fuchsfallen","7":"product_tag-fuchsfallen","8":"product_tag-kastenfalle","9":"product_tag-fuchs","10":"pa_ausloesung-trittbrettausloesung","11":"pa_ausloesung-zugausloesung","12":"pif-has-gallery","14":"first","15":"instock","16":"taxable","17":"shipping-taxable","18":"purchasable","19":"product-type-variable"},"_links":{"self":[{"href":"https:\/\/www.jagdfallen-steingraf.de\/index.php?rest_route=\/wp\/v2\/product\/180457","targetHints":{"allow":["GET"]}}],"collection":[{"href":"https:\/\/www.jagdfallen-steingraf.de\/index.php?rest_route=\/wp\/v2\/product"}],"about":[{"href":"https:\/\/www.jagdfallen-steingraf.de\/index.php?rest_route=\/wp\/v2\/types\/product"}],"version-history":[{"count":2,"href":"https:\/\/www.jagdfallen-steingraf.de\/index.php?rest_route=\/wp\/v2\/product\/180457\/revisions"}],"predecessor-version":[{"id":186761,"href":"https:\/\/www.jagdfallen-steingraf.de\/index.php?rest_route=\/wp\/v2\/product\/180457\/revisions\/186761"}],"wp:featuredmedia":[{"embeddable":true,"href":"https:\/\/www.jagdfallen-steingraf.de\/index.php?rest_route=\/wp\/v2\/media\/61630"}],"wp:attachment":[{"href":"https:\/\/www.jagdfallen-steingraf.de\/index.php?rest_route=%2Fwp%2Fv2%2Fmedia&parent=180457"}],"wp:term":[{"taxonomy":"product_brand","embeddable":true,"href":"https:\/\/www.jagdfallen-steingraf.de\/index.php?rest_route=%2Fwp%2Fv2%2Fproduct_brand&post=180457"},{"taxonomy":"product_cat","embeddable":true,"href":"https:\/\/www.jagdfallen-steingraf.de\/index.php?rest_route=%2Fwp%2Fv2%2Fproduct_cat&post=180457"},{"taxonomy":"product_tag","embeddable":true,"href":"https:\/\/www.jagdfallen-steingraf.de\/index.php?rest_route=%2Fwp%2Fv2%2Fproduct_tag&post=180457"}],"curies":[{"name":"wp","href":"https:\/\/api.w.org\/{rel}","templated":true}]}}