{"id":180437,"date":"2021-05-19T15:32:22","date_gmt":"2021-05-19T13:32:22","guid":{"rendered":"https:\/\/www.jagdfallen-steingraf.de\/?post_type=product&#038;p=180437"},"modified":"2025-08-07T10:34:40","modified_gmt":"2025-08-07T08:34:40","slug":"fuchsfalle-fox-4","status":"publish","type":"product","link":"https:\/\/www.jagdfallen-steingraf.de\/?product=fuchsfalle-fox-4","title":{"rendered":"Fuchsfalle &#8211; Fox 4 (zweiteilig 240cm)"},"content":{"rendered":"<p>Unsere <a href=\"https:\/\/www.jagdfallen-steingraf.de\/?product_cat=fuchsfallen\">Fuchsfalle<\/a> &#8211; Fox 4 (zweiteilig 240cm) ist eine klassische Kastenfalle die aus zwei Teilen besteht.<\/p>\n<p>An der Oberseite befindet sich ein verschlie\u00dfbarer Deckel zum Spannen und Einlegen der K\u00f6der. Die drei gro\u00dfen vergitterten \u00d6ffnungen (15 cm) dienen zur sicheren Fangkontrolle. Sie sind mit einem Deckel verschlie\u00dfbar. Unsere Fuchsfalle hat kein Trittbrett und kein Gest\u00e4nge. Die feine Ringausl\u00f6sung der Kastenfalle befindet sich im Inneren. Ein Ausl\u00f6sen durch \u00e4u\u00dfere Einfl\u00fcsse bzw. bevor sich das Tier in der Falle befindet ist somit ausgeschlossen. Der K\u00f6der ist mit einem d\u00fcnnen Draht direkt mit dem Ausl\u00f6semechanismus verbunden. Diese Bauweise sorgt f\u00fcr eine sehr schnelle und sichere Ausl\u00f6sung, sobald sich ein Tier den K\u00f6der greift. Zur besseren Tarnung k\u00f6nnen Sie den Boden der Lebendfalle komplett mit Sand, Erde, Laub oder Tannennadeln verblenden.<\/p>\n<p>F\u00fcr die Herstellung dieser Fuchsfalle &#8211; Fox 4 (zweiteilig 240cm) wurden alle Materialien von uns sorgsam ausgew\u00e4hlt, so verarbeiten wir nur europ\u00e4ische Siebdruckplatten, wie sie auch im Fahrzeugbau verwendet werden, was die Falle sehr stabil und extrem langlebig macht. Bei mehrj\u00e4hrigen Eins\u00e4tzen in den verschiedensten Jagdrevieren hat sich diese Falle durch ihre robuste Bauweise und die enorm hohen Fangerfolge schon bestens bew\u00e4hrt. Bei dieser besonders hochwertigen Falle sind alle Schnittkanten versiegelt. Das verbessert die Langlebigkeit der Falle noch weiter!<\/p>\n<p class=\"p1\">Alle Fallen sind zu 100% von uns in Deutschland handgefertigt. Hierbei handelt es sich nicht um Importe aus Osteuropa.<\/p>\n<h4 class=\"p1\">Hinweise!<\/h4>\n<ul style=\"list-style-type: square;\">\n<li class=\"p1\">Achten Sie auf einen geeigneten Aufstellplatz und kontrollieren Sie die Lebendfalle regelm\u00e4\u00dfig.<\/li>\n<li class=\"p1\">Bitte beachten Sie die jeweils g\u00fcltigen Jagdgesetze in Ihrem Bundesland!<\/li>\n<li class=\"p1\">Zus\u00e4tzliche Informationen \u00fcber die Fangjagd finden Sie <a href=\"https:\/\/www.jagdverband.de\/sites\/default\/files\/DJV_Wissenswertes_zur_Fangjagd_Web.pdf\"><span style=\"color: #008000;\"><strong>hier<\/strong><\/span><\/a>.<\/li>\n<\/ul>\n<p><strong>Herstellerinformationen:<\/strong><\/p>\n<p>Jagdfallen Steingraf, Berliner Stra\u00dfe 32, 15378 Hennickendorf, Telefon: 033434 801400, E-Mail: shop@jagdfallen.eu<\/p>\n","protected":false},"excerpt":{"rendered":"<p>Unsere Fuchsfalle &#8211; Fox 4 (zweiteilig 240cm) ist eine klassische Kastenfalle die aus zwei Teilen besteht und sich hervorragend zum Fang von F\u00fcchsen, ebenso auch f\u00fcr Tiere, wie Dachs, Waschb\u00e4r, Marder und Katzen eignet.<\/p>\n<p>&nbsp;<\/p>\n","protected":false},"featured_media":61549,"template":"","meta":[],"product_brand":[],"product_cat":[575],"product_tag":[1879,1892,1893],"class_list":{"0":"post-180437","1":"product","2":"type-product","3":"status-publish","4":"has-post-thumbnail","6":"product_cat-fuchsfallen","7":"product_tag-kastenfalle","8":"product_tag-fuchs","9":"product_tag-fuchsfalle","10":"product_shipping_class-fuchsfalle-240cm","11":"pif-has-gallery","13":"first","14":"instock","15":"taxable","16":"shipping-taxable","17":"purchasable","18":"product-type-simple"},"_links":{"self":[{"href":"https:\/\/www.jagdfallen-steingraf.de\/index.php?rest_route=\/wp\/v2\/product\/180437","targetHints":{"allow":["GET"]}}],"collection":[{"href":"https:\/\/www.jagdfallen-steingraf.de\/index.php?rest_route=\/wp\/v2\/product"}],"about":[{"href":"https:\/\/www.jagdfallen-steingraf.de\/index.php?rest_route=\/wp\/v2\/types\/product"}],"version-history":[{"count":3,"href":"https:\/\/www.jagdfallen-steingraf.de\/index.php?rest_route=\/wp\/v2\/product\/180437\/revisions"}],"predecessor-version":[{"id":186077,"href":"https:\/\/www.jagdfallen-steingraf.de\/index.php?rest_route=\/wp\/v2\/product\/180437\/revisions\/186077"}],"wp:featuredmedia":[{"embeddable":true,"href":"https:\/\/www.jagdfallen-steingraf.de\/index.php?rest_route=\/wp\/v2\/media\/61549"}],"wp:attachment":[{"href":"https:\/\/www.jagdfallen-steingraf.de\/index.php?rest_route=%2Fwp%2Fv2%2Fmedia&parent=180437"}],"wp:term":[{"taxonomy":"product_brand","embeddable":true,"href":"https:\/\/www.jagdfallen-steingraf.de\/index.php?rest_route=%2Fwp%2Fv2%2Fproduct_brand&post=180437"},{"taxonomy":"product_cat","embeddable":true,"href":"https:\/\/www.jagdfallen-steingraf.de\/index.php?rest_route=%2Fwp%2Fv2%2Fproduct_cat&post=180437"},{"taxonomy":"product_tag","embeddable":true,"href":"https:\/\/www.jagdfallen-steingraf.de\/index.php?rest_route=%2Fwp%2Fv2%2Fproduct_tag&post=180437"}],"curies":[{"name":"wp","href":"https:\/\/api.w.org\/{rel}","templated":true}]}}