{"id":180410,"date":"2021-05-19T12:59:24","date_gmt":"2021-05-19T10:59:24","guid":{"rendered":"https:\/\/www.jagdfallen-steingraf.de\/?post_type=product&#038;p=180410"},"modified":"2025-03-20T10:04:58","modified_gmt":"2025-03-20T09:04:58","slug":"premium-staren-nistkasten","status":"publish","type":"product","link":"https:\/\/www.jagdfallen-steingraf.de\/?product=premium-staren-nistkasten","title":{"rendered":"Premium Nistkasten Stare"},"content":{"rendered":"<p>Mit diesem Premium <a href=\"https:\/\/www.jagdfallen-steingraf.de\/?product_cat=nistkaesten\">Nistkasten<\/a> Stare bieten Sie einem Starenpaar einen gem\u00fctlichen Nistplatz. Dieser bequeme, trockene Unterstand hat ein Einflugloch von 45mm Durchmesser und eignet sich daher bestens f\u00fcr Stare und \u00e4hnlich gro\u00dfe V\u00f6gel. Das Einflugloch befindet sich 17cm \u00fcber dem Boden, sodass Nestr\u00e4uber wie zum Beispiel Marder, Katze oder Waschb\u00e4r nicht an die Brut gelangen.<\/p>\n<p>Wir fertigen unsere Premium Nistkasten Stare aus europ\u00e4ischen Siebdruckplatten der besten Qualit\u00e4t. Bei der Herstellung unserer Nistk\u00e4sten verwenden wir nur hochwertiges Material. Und um die Langlebigkeit unserer sorgf\u00e4ltig hergestellten Nistk\u00e4sten noch zu verbessern, versiegeln wir alle Schnittkanten.<\/p>\n<p>Alle Nistk\u00e4sten sind zu 100% von uns in Deutschland handgefertigt. Hierbei handelt es sich nicht um Importe aus Osteuropa.<\/p>\n<p><span style=\"color: #008000;\"><strong>Unsere Nistk\u00e4sten ist bereits fertig montiert \u2013 Sie k\u00f6nnen sie daher sofort aufh\u00e4ngen!!!<\/strong><\/span><\/p>\n<h4>Hinweis:<\/h4>\n<p>H\u00e4ngen Sie den Premium-Staren-Nistkasten an einem ruhigen und gesch\u00fctzten Ort auf. Achten Sie darauf, dass die V\u00f6gel den Nistkasten ungehindert erreichen k\u00f6nnen. Vermeiden Sie dabei direkte Sonneneinstrahlung. Die Front k\u00f6nnen Sie zum Reinigen des Nistkastens bequem herausnehmen.<\/p>\n<p>Befestigen sie den Premium-Staren-Nistkasten sicher an einer Wand, einem Baum oder einem Pfosten.<\/p>\n<p><strong>Herstellerinformationen:<\/strong><\/p>\n<p>Jagdfallen Steingraf, Berliner Stra\u00dfe 32, 15378 Hennickendorf, Telefon: 033434 801400, E-Mail: shop@jagdfallen.eu<\/p>\n","protected":false},"excerpt":{"rendered":"<p><!-- wp:paragraph --><\/p>\n<p>Dieser Premium Nistkasten Stare hat ein Einflugloch von 45mm, eignet sich daher bestens f\u00fcr Stare oder \u00e4hnlich gro\u00dfe V\u00f6gel geeignet. Das Einflugloch befindet sich 17cm \u00fcber dem Boden, sodass Nestr\u00e4uber wie zum Beispiel Marder, Katze oder Waschb\u00e4r nicht an die Brut gelangen.<\/p>\n<p>&nbsp;<\/p>\n<p><!-- \/wp:paragraph --><\/p>\n<p><!-- wp:table --><!-- \/wp:table --><\/p>\n<p><!-- wp:paragraph --><\/p>\n<p><!-- \/wp:paragraph --><\/p>\n","protected":false},"featured_media":180413,"template":"","meta":[],"product_brand":[],"product_cat":[570],"product_tag":[1881,1884,1899,1900],"class_list":{"0":"post-180410","1":"product","2":"type-product","3":"status-publish","4":"has-post-thumbnail","6":"product_cat-nistkasten","7":"product_tag-nistkasten","8":"product_tag-voegel","9":"product_tag-starenkasten","10":"product_tag-star","11":"pif-has-gallery","13":"first","14":"outofstock","15":"taxable","16":"shipping-taxable","17":"purchasable","18":"product-type-simple"},"_links":{"self":[{"href":"https:\/\/www.jagdfallen-steingraf.de\/index.php?rest_route=\/wp\/v2\/product\/180410","targetHints":{"allow":["GET"]}}],"collection":[{"href":"https:\/\/www.jagdfallen-steingraf.de\/index.php?rest_route=\/wp\/v2\/product"}],"about":[{"href":"https:\/\/www.jagdfallen-steingraf.de\/index.php?rest_route=\/wp\/v2\/types\/product"}],"version-history":[{"count":3,"href":"https:\/\/www.jagdfallen-steingraf.de\/index.php?rest_route=\/wp\/v2\/product\/180410\/revisions"}],"predecessor-version":[{"id":186491,"href":"https:\/\/www.jagdfallen-steingraf.de\/index.php?rest_route=\/wp\/v2\/product\/180410\/revisions\/186491"}],"wp:featuredmedia":[{"embeddable":true,"href":"https:\/\/www.jagdfallen-steingraf.de\/index.php?rest_route=\/wp\/v2\/media\/180413"}],"wp:attachment":[{"href":"https:\/\/www.jagdfallen-steingraf.de\/index.php?rest_route=%2Fwp%2Fv2%2Fmedia&parent=180410"}],"wp:term":[{"taxonomy":"product_brand","embeddable":true,"href":"https:\/\/www.jagdfallen-steingraf.de\/index.php?rest_route=%2Fwp%2Fv2%2Fproduct_brand&post=180410"},{"taxonomy":"product_cat","embeddable":true,"href":"https:\/\/www.jagdfallen-steingraf.de\/index.php?rest_route=%2Fwp%2Fv2%2Fproduct_cat&post=180410"},{"taxonomy":"product_tag","embeddable":true,"href":"https:\/\/www.jagdfallen-steingraf.de\/index.php?rest_route=%2Fwp%2Fv2%2Fproduct_tag&post=180410"}],"curies":[{"name":"wp","href":"https:\/\/api.w.org\/{rel}","templated":true}]}}