{"id":180384,"date":"2021-05-18T12:04:24","date_gmt":"2021-05-18T10:04:24","guid":{"rendered":"https:\/\/www.jagdfallen-steingraf.de\/?post_type=product&#038;p=180384"},"modified":"2025-03-20T10:04:48","modified_gmt":"2025-03-20T09:04:48","slug":"premium-spatzen-nistkasten","status":"publish","type":"product","link":"https:\/\/www.jagdfallen-steingraf.de\/?product=premium-spatzen-nistkasten","title":{"rendered":"Premium Spatzen Nistkasten"},"content":{"rendered":"\r\n<p>Spatzen leben gerne in Gruppen. Mit diesem Premium-Spatzen-<a href=\"https:\/\/www.jagdfallen-steingraf.de\/?product_cat=nistkaesten\">Nistkasten<\/a> bieten Sie gleich drei Paaren einen gem\u00fctlichen Nistplatz. Dieser bequeme, trockene Unterstand hat ein Einflugloch von 35mm Durchmesser und eignet sich daher bestens f\u00fcr Spatzen. Auch Baumsperlen, Blaumeisen und Kohlmeisen werden Sie zum Nisten anziehen. Das Einflugloch befindet sich 13cm \u00fcber dem Boden, sodass Nestr\u00e4uber wie zum Beispiel Marder, Katze oder Waschb\u00e4r nicht an die Brut gelangen.<\/p>\r\n<p>Wir fertigen unsere Nistk\u00e4sten aus europ\u00e4ischen Siebdruckplatten der besten Qualit\u00e4t. Bei der Herstellung unserer Nistk\u00e4sten verwenden wir nur hochwertiges Material. Und um die Langlebigkeit unserer sorgf\u00e4ltig hergestellten Nistk\u00e4sten noch zu verbessern, versiegeln wir alle Schnittkanten.<\/p>\r\n<p><span style=\"color: #008000;\"><strong>Alle Nistk\u00e4sten sind zu 100% von uns in Deutschland handgefertigt. Hierbei handelt es sich nicht um Importe aus Osteuropa.<\/strong><\/span><\/p>\r\n<h4>Hinweis:<\/h4>\r\n<p>H\u00e4ngen Sie den Premium-Spatzen-Nistkasten an einem ruhigen und gesch\u00fctzten Ort auf. Achten Sie darauf, dass die V\u00f6gel den Nistkasten ungehindert erreichen k\u00f6nnen. Vermeiden Sie dabei direkte Sonneneinstrahlung. Die Front k\u00f6nnen Sie zum Reinigen des Nistkastens bequem herausnehmen.<br \/>Befestigen sie den Premium-Spatzen-Nistkasten sicher an einer Wand, einem Baum oder einem Pfosten.<\/p>\r\n<p><strong>Herstellerinformationen:<\/strong><\/p>\r\n<p>Jagdfallen Steingraf, Berliner Stra\u00dfe 32, 15378 Hennickendorf, Telefon: 033434 801400, E-Mail: shop@jagdfallen.eu<\/p>\r\n\r\n\r\n\r\n\r\n","protected":false},"excerpt":{"rendered":"<p><!-- wp:paragraph --><\/p>\n<p>Dieser Premium-Spatzen-Nistkasten hat ein Einflugloch von 35mm, eignet sich daher bestens f\u00fcr Spatzen oder \u00e4hnlich gro\u00dfe V\u00f6gel. Das Einflugloch befindet sich 13cm \u00fcber dem Boden, sodass Nestr\u00e4uber wie zum Beispiel Marder, Katze oder Waschb\u00e4r nicht an die Brut gelangen. Er verf\u00fcgt \u00fcber drei Brutst\u00e4tten.<\/p>\n<p>&nbsp;<\/p>\n<p><!-- \/wp:paragraph --><\/p>\n<p><!-- wp:table --><!-- \/wp:table --><\/p>\n<p><!-- wp:paragraph --><\/p>\n<p><!-- \/wp:paragraph --><\/p>\n","protected":false},"featured_media":180392,"template":"","meta":[],"product_brand":[],"product_cat":[570],"product_tag":[1881,1882,1883,1884,1885],"class_list":{"0":"post-180384","1":"product","2":"type-product","3":"status-publish","4":"has-post-thumbnail","6":"product_cat-nistkasten","7":"product_tag-nistkasten","8":"product_tag-premium-nistkasten","9":"product_tag-spatzen","10":"product_tag-voegel","11":"product_tag-meise","12":"pif-has-gallery","14":"first","15":"outofstock","16":"taxable","17":"shipping-taxable","18":"purchasable","19":"product-type-simple"},"_links":{"self":[{"href":"https:\/\/www.jagdfallen-steingraf.de\/index.php?rest_route=\/wp\/v2\/product\/180384","targetHints":{"allow":["GET"]}}],"collection":[{"href":"https:\/\/www.jagdfallen-steingraf.de\/index.php?rest_route=\/wp\/v2\/product"}],"about":[{"href":"https:\/\/www.jagdfallen-steingraf.de\/index.php?rest_route=\/wp\/v2\/types\/product"}],"version-history":[{"count":3,"href":"https:\/\/www.jagdfallen-steingraf.de\/index.php?rest_route=\/wp\/v2\/product\/180384\/revisions"}],"predecessor-version":[{"id":186787,"href":"https:\/\/www.jagdfallen-steingraf.de\/index.php?rest_route=\/wp\/v2\/product\/180384\/revisions\/186787"}],"wp:featuredmedia":[{"embeddable":true,"href":"https:\/\/www.jagdfallen-steingraf.de\/index.php?rest_route=\/wp\/v2\/media\/180392"}],"wp:attachment":[{"href":"https:\/\/www.jagdfallen-steingraf.de\/index.php?rest_route=%2Fwp%2Fv2%2Fmedia&parent=180384"}],"wp:term":[{"taxonomy":"product_brand","embeddable":true,"href":"https:\/\/www.jagdfallen-steingraf.de\/index.php?rest_route=%2Fwp%2Fv2%2Fproduct_brand&post=180384"},{"taxonomy":"product_cat","embeddable":true,"href":"https:\/\/www.jagdfallen-steingraf.de\/index.php?rest_route=%2Fwp%2Fv2%2Fproduct_cat&post=180384"},{"taxonomy":"product_tag","embeddable":true,"href":"https:\/\/www.jagdfallen-steingraf.de\/index.php?rest_route=%2Fwp%2Fv2%2Fproduct_tag&post=180384"}],"curies":[{"name":"wp","href":"https:\/\/api.w.org\/{rel}","templated":true}]}}