{"id":2076,"date":"2019-11-02T20:18:27","date_gmt":"2019-11-02T19:18:27","guid":{"rendered":"https:\/\/www.jagdfallen-steingraf.de\/?page_id=2076"},"modified":"2023-01-04T08:18:56","modified_gmt":"2023-01-04T07:18:56","slug":"allgemeine-geschaeftsbedingungen","status":"publish","type":"page","link":"https:\/\/www.jagdfallen-steingraf.de\/agb","title":{"rendered":"AGB&#8217;s"},"content":{"rendered":"<div id=\"pl-2076\"  class=\"panel-layout\" ><div id=\"pg-2076-0\"  class=\"panel-grid panel-no-style\" ><div id=\"pgc-2076-0-0\"  class=\"panel-grid-cell\" ><div id=\"panel-2076-0-0-0\" class=\"so-panel widget widget_sow-editor panel-first-child panel-last-child\" data-index=\"0\" ><div\n\t\t\t\n\t\t\tclass=\"so-widget-sow-editor so-widget-sow-editor-base\"\n\t\t\t\n\t\t>\n<div class=\"siteorigin-widget-tinymce textwidget\">\n\t<div class=\"nx-row\"><br \/>\n<div class=\"nx-column nx-column-size-3-3\"><div class=\"nx-column-inner nx-clearfix\"><br \/>\n<div class=\"nx-heading nx-heading-style-coloredline nx-heading-align-left\" style=\"font-size:32px;margin-bottom:16px\"><div class=\"nx-heading-inner\">Allgemeine Gesch\u00e4ftsbedingungen f\u00fcr Kunden\/innen unseres Online-Shops<\/div><\/div><\/p>\n<h4>1. Allgemeines<\/h4>\n<p>Alle Leistungen, die vom Onlineshop f\u00fcr den Kunden erbracht werden, erfolgen ausschlie\u00dflich auf der Grundlage der nachfolgenden Allgemeinen Gesch\u00e4ftsbedingungen. Abweichende Regelungen haben nur dann Geltung, wenn sie zwischen Onlineshop und Kunde gesondert vereinbart wurden.<\/p>\n<h4>2. Vertragsschluss<\/h4>\n<p>2.1 Die Angebote des Onlineshops im Internet stellen eine unverbindliche Aufforderung an den Kunden dar, im Onlineshop Waren zu bestellen.<\/p>\n<p>2.2 Durch die Bestellung der gew\u00fcnschten Waren im Internet gibt der Kunde ein verbindliches Angebot auf Abschluss eines Kaufvertrages ab.<\/p>\n<p>2.3 Der Onlineshop best\u00e4tigt den Zugang der Bestellung unverz\u00fcglich. Die Bestellbest\u00e4tigung wie auch die Entgegennahme einer telefonischen Bestellung stellen noch keine rechtsgesch\u00e4ftliche Annahme unsererseits dar. Die Angebotsannahme durch uns erfolgt erst, indem wir die Ware zum Versand an Sie bringen. Sie erhalten eine schriftliche Versandbest\u00e4tigung per E-Mail.<\/p>\n<p>2.4 Vertragsgegenstand ist die vom Kunden bestellte Ware. Bez\u00fcglich der Beschaffenheit gilt die Angebotsbeschreibung, im \u00dcbrigen gilt \u00a7 434 Abs.1 Satz 3 BGB.<\/p>\n<h4>3. Widerrufsrecht<\/h4>\n<p>3.1 Sie haben das Recht, binnen vierzehn Tagen ohne Angabe von Gr\u00fcnden diesen Vertrag zu widerrufen.<br \/>\nDie Widerrufsfrist betr\u00e4gt vierzehn Tage ab dem Tag, an dem Sie oder ein von Ihnen benannter Dritter, der nicht der Bef\u00f6rderer ist, die letzte Ware in Besitz genommen haben bzw. hat.<br \/>\nUm Ihr Widerrufsrecht auszu\u00fcben, m\u00fcssen Sie uns (Jagdfallen Steingraf , Berliner Stra\u00dfe 32, 15378 Hennickendorf, Deutschland, shop@jagdfallen.eu, Telefon: 033434 80 14 00, Telefax: 033434 80 14 01) mittels einer eindeutigen Erkl\u00e4rung (z. B. ein mit der Post versandter Brief, Telefax oder E-Mail) \u00fcber Ihren Entschluss, diesen Vertrag zu widerrufen, informieren. Sie k\u00f6nnen daf\u00fcr das beigef\u00fcgte Muster-Widerrufsformular verwenden, das jedoch nicht vorgeschrieben ist.<br \/>\nZur Wahrung der Widerrufsfrist reicht es aus, dass Sie die Mitteilung \u00fcber die Aus\u00fcbung des Widerrufsrechts vor Ablauf der Widerrufsfrist absenden.<\/p>\n<p>3.2 Folgen des Widerrufs<br \/>\nWenn Sie diesen Vertrag widerrufen, haben wir Ihnen alle Zahlungen, die wir von Ihnen erhalten haben, einschlie\u00dflich der Lieferkosten (mit Ausnahme der zus\u00e4tzlichen Kosten, die sich daraus ergeben, dass Sie eine andere Art der Lieferung als die von uns angebotene, g\u00fcnstigste Standardlieferung gew\u00e4hlt haben), unverz\u00fcglich und sp\u00e4testens binnen vierzehn Tagen ab dem Tag zur\u00fcckzuzahlen, an dem die Mitteilung \u00fcber Ihren Widerruf dieses Vertrags bei uns eingegangen ist. F\u00fcr diese R\u00fcckzahlung verwenden wir dasselbe Zahlungsmittel, das Sie bei der urspr\u00fcnglichen Transaktion eingesetzt haben, es sei denn, mit Ihnen wurde ausdr\u00fccklich etwas anderes vereinbart; in keinem Fall werden Ihnen wegen dieser R\u00fcckzahlung Entgelte berechnet. Wir k\u00f6nnen die R\u00fcckzahlung verweigern, bis wir die Waren wieder zur\u00fcckerhalten haben oder bis Sie den Nachweis erbracht haben, dass Sie die Waren zur\u00fcckgesandt haben, je nachdem, welches der fr\u00fchere Zeitpunkt ist.<\/p>\n<p>Sie haben die Waren unverz\u00fcglich und in jedem Fall sp\u00e4testens binnen vierzehn Tagen ab dem Tag, an dem Sie uns \u00fcber den Widerruf dieses Vertrages unterrichten, an uns oder an (hier sind gegebenenfalls der Name und die Anschrift der von Ihnen zur Entgegennahme der Ware erm\u00e4chtigten Person einzuf\u00fcgen) zur\u00fcckzusenden oder zu \u00fcbergeben. Die Frist ist gewahrt, wenn Sie die Waren vor Ablauf der Frist von vierzehn Tagen absenden.<\/p>\n<p>Sie tragen die unmittelbaren Kosten der R\u00fccksendung der Waren.<\/p>\n<p>Sie m\u00fcssen f\u00fcr einen etwaigen Wertverlust der Waren nur aufkommen, wenn dieser Wertverlust auf einen zur Pr\u00fcfung der Beschaffenheit, Eigenschaften und Funktionsweise der Waren nicht notwendigen Umgang mit ihnen zur\u00fcckzuf\u00fchren ist.<\/p>\n<p>3.3 Ein Widerrufsrecht besteht nicht<br \/>\n\u2022 wenn die Waren nach Kundenspezifikation angefertigt worden oder eindeutig auf Ihre pers\u00f6nlichen Bed\u00fcrfnisse zugeschnitten waren oder die aufgrund ihrer Beschaffenheit nicht f\u00fcr eine R\u00fccksendung geeignet sind;<br \/>\n\u2022 in den sonstigen F\u00e4llen des \u00a7 312d Abs. 4 BGB.<\/p>\n<h4>4. Lieferung<\/h4>\n<p>4.1 Alle Artikel werden umgehend, sofern ab Lager verf\u00fcgbar, ausgeliefert.<br \/>\nDie Lieferung erfolgt sowohl innerhalb Deutschlands als auch in EU-L\u00e4nder. Eine Lieferung in L\u00e4nder au\u00dferhalb der Europ\u00e4ischen Union ist m\u00f6glich.<\/p>\n<p>4.2 Die Lieferzeit innerhalb Deutschlands betr\u00e4gt, sofern nicht beim Angebot anders angegeben, regelm\u00e4\u00dfig 3-5 Werktage.<br \/>\nBei Auslandslieferungen betr\u00e4gt die Lieferzeit, sofern nicht beim Angebot anders angegeben, regelm\u00e4\u00dfig 5 Werktage.<br \/>\nSonderartikel und individuelle Anfertigungen haben eine l\u00e4ngere Lieferzeit.<\/p>\n<p>4.3 Sollte ein Artikel kurzfristig nicht verf\u00fcgbar sein, informieren wir Sie per E-Mail \u00fcber die zu erwartende Lieferzeit, sofern uns eine Adresse von Ihnen vorliegt.<\/p>\n<h4>5. Verpackungs- und Versandkosten<\/h4>\n<p>5.1 Lieferungen innerhalb Deutschlands erfolgen grunds\u00e4tzlich versand- und verpackungskostenfrei. Soweit aufgrund gesonderter Umst\u00e4nde, die z.B. in der Art der zu versendenden Sache begr\u00fcndet sind oder in einer gesonderten Form der Zustellung, zus\u00e4tzliche Versandkosten entstehen, so werden diese auf der Rechnung gesondert ausgewiesen.<\/p>\n<p>5.2 Bei Auslandslieferungen berechnen wir die in der Tabelle f\u00fcr Auslandslieferungen ausgewiesenen Versandkosten.<\/p>\n<h4>6. Zahlung, Eigentumsvorbehalt<\/h4>\n<p>6.1 Alle angegebenen Preise sind Bruttopreise in Euro, die die gesetzliche Mehrwertsteuer in H\u00f6he von derzeit 19 % beinhalten. Es gelten die am Bestelltag g\u00fcltigen Preise.<\/p>\n<p>6.2 Bei Lieferung innerhalb Deutschlands sind folgende Zahlweisen m\u00f6glich:<\/p>\n<p>\u2022 per Vorkasse, (Der Kunde ist verpflichtet, den Kaufpreis nach Vertragsschluss unverz\u00fcglich per \u00dcberweisungen auf unser Konto zu zahlen.)<br \/>\nBei Zahlung per Vorkasse erhalten Sie von uns eine E-Mail mit den genauen Rechnungsdaten. Bitte tragen Sie deshalb unbedingt Ihre E-Mail-Adresse und Ihre Telefonnummer in das Bestellformular ein, damit wir mit Ihnen in Kontakt treten k\u00f6nnen. Bitte geben Sie bei Ihrer \u00dcberweisung als Verwendungszweck Ihren Namen und die Rechnungs-\/Bestellnummer an, damit wir Ihren Zahlungseingang der Bestellung zuordnen k\u00f6nnen.<\/p>\n<p>\u2022 per Paypal<\/p>\n<p>\u2022 per Sofort\u00fcberweisung<\/p>\n<p>6.3 Bis zur vollst\u00e4ndigen Bezahlung bleiben die gelieferten Waren unser Eigentum (Eigentumsvorbehalt nach \u00a7\u00a7158, 449 BGB). \u00dcber Zwangsvollstreckungsma\u00dfnahmen Dritter in die Vorbehaltsware hat uns der Kunde unverz\u00fcglich unter \u00dcbergabe der f\u00fcr eine Intervention notwendigen Unterlagen zu unterrichten; dies gilt auch f\u00fcr Beeintr\u00e4chtigungen sonstiger Art. Unabh\u00e4ngig davon hat der Kunde bereits im Vorhinein die Dritten auf die an der Ware bestehenden Rechte hinzuweisen.<\/p>\n<h4>7. Gew\u00e4hrleistung<\/h4>\n<p>7.1 Sollten Transportsch\u00e4den an der Ware festgestellt werden, bitten wir den Empf\u00e4nger unverz\u00fcglich Schadensmeldung gegen\u00fcber dem Frachtf\u00fchrer (Versanddienstleister) zu machen. Sonstige erkennbare Transportsch\u00e4den sind bitte innerhalb von 3 Tagen nach Erhalt der Ware uns gegen\u00fcber schriftlich geltend zu machen. Die Vers\u00e4umung dieser R\u00fcge hat allerdings f\u00fcr Ihre gesetzlichen Anspr\u00fcche keine Konsequenzen. Es gelten im \u00dcbrigen die gesetzlichen Vorschriften.<\/p>\n<p>7.2 Gew\u00e4hrleistungsanspr\u00fcche bestehen grunds\u00e4tzlich nur im Rahmen der konkreten Mangelhaftung. Anspr\u00fcche, insbesondere durch unsachgem\u00e4\u00dfen Gebrauch, sind dar\u00fcber hinaus ausgeschlossen. Wir haften nicht f\u00fcr M\u00e4ngel, die infolge fehlerhafter Handhabung, normaler Abnutzung oder durch Fremdeinwirkung entstanden sind. Bei Reparaturen an der Ware in Eigenleistung oder durch Dritte, die ohne unser schriftliches Einverst\u00e4ndnis erfolgten, erlischt der Gew\u00e4hrleistungsanspruch an uns.<\/p>\n<p>7.3 Wir weisen ausdr\u00fccklich darauf hin, dass trotz sorgf\u00e4ltiger Verarbeitung, Holz im Freien schwindet, quillt, sich verwerfen und rei\u00dfen kann. Dies sind spezielle Eigenschaften von Holz, f\u00fcr die wir keinerlei Haftung \u00fcbernehmen k\u00f6nnen. Auch Sch\u00e4den an der Filmbeschichtung, die auf Witterungseinfl\u00fcsse und nat\u00fcrlichen Verschlei\u00df zur\u00fcckzuf\u00fchren sind, unterliegen nicht der Sachmangelgew\u00e4hrleistung.<\/p>\n<h4>8. Haftung<\/h4>\n<p>8.1 Der Onlineshop haftet in F\u00e4llen des Vorsatzes oder der groben Fahrl\u00e4ssigkeit nach den gesetzlichen Bestimmungen. Die Haftung f\u00fcr Garantien erfolgt verschuldensunabh\u00e4ngig. F\u00fcr leichte Fahrl\u00e4ssigkeit haftet der Onlineshop ausschlie\u00dflich nach den Vorschriften des Produkthaftungsgesetzes, wegen der Verletzung des Lebens, des K\u00f6rpers oder der Gesundheit oder wegen der Verletzung wesentlicher Vertragspflichten. Der Schadensersatzanspruch f\u00fcr die leicht fahrl\u00e4ssige Verletzung wesentlicher Vertragspflichten ist jedoch auf den vertragstypischen, vorhersehbaren Schaden begrenzt, soweit nicht wegen der Verletzung des Lebens, des K\u00f6rpers oder der Gesundheit gehaftet wird. F\u00fcr das Verschulden von Erf\u00fcllungsgehilfen und Vertretern haftet der Onlineshop in demselben Umfang.<\/p>\n<p>8.2 Die Regelung des vorstehenden Absatzes (8.1) erstreckt sich auf Schadensersatz neben der Leistung, den Schadensersatz statt der Leistung und den Ersatzanspruch wegen vergeblicher Aufwendungen, gleich aus welchem Rechtsgrund, einschlie\u00dflich der Haftung wegen M\u00e4ngeln, Verzugs oder Unm\u00f6glichkeit.<\/p>\n<h4>9. Datenschutz<\/h4>\n<p>Unsere aktuelle Datenschutzerkl\u00e4rung ist <a href=\"https:\/\/jagdfallen.eu\/datentschutz\" rel=\"noopener noreferrer\">&gt; HIER<\/a> abrufbar.<\/p>\n<h4>10. Copyright<\/h4>\n<p>Alle dargestellten Fremdlogos, Bilder und Grafiken sind Eigentum der entsprechenden Firmen und unterliegen dem Copyright der entsprechenden Lizenzgeber. S\u00e4mtliche auf diesen Seiten dargestellten Fotos, Logos, Texte, Berichte, Scripte und Programmierroutinen, welche Eigenentwicklungen von uns sind oder von uns aufbereitet wurden, d\u00fcrfen nicht ohne unser Einverst\u00e4ndnis kopiert oder anderweitig genutzt werden. Alle Rechte vorbehalten.<\/p>\n<h4>11. Links auf unseren Seiten<\/h4>\n<p>Mit Urteil vom 12. Mai 1998 - 312 O 85\/98 - \"Haftung f\u00fcr Links\" hat das Landgericht Hamburg entschieden, dass man durch die Ausbringung eines Links die Inhalte der gelinkten Seite ggf. mit zu verantworten hat. Dies kann \u2013 so das LG \u2013 nur dadurch verhindert werden, dass man sich ausdr\u00fccklich von diesen Inhalten distanziert.<\/p>\n<p>Hiermit distanzieren wir uns deshalb ausdr\u00fccklich von allen Inhalten s\u00e4mtlicher gelinkten Seiten auf unserer Homepage. Diese Erkl\u00e4rung gilt f\u00fcr alle auf unseren Internetseiten angebrachten Links.<\/p>\n<h4>12. Schlussbestimmungen<\/h4>\n<p>Die Geltung des UN-Kaufrechts wird ausgeschlossen, es gilt deutsches Recht. Mit einer Bestellung werden die Allgemeinen Gesch\u00e4ftsbedingungen des Onlineshops anerkannt. Sollte eine Bestimmung dieser Allgemeinen Gesch\u00e4ftsbedingungen, aus welchem Grund auch immer, nichtig sein, bleibt die Geltung der \u00fcbrigen Bestimmungen hiervon unber\u00fchrt.<\/p>\n<p>Die unwirksame Regelung wird durch die einschl\u00e4gige gesetzliche Regelung ersetzt. Hat der Kunde keinen allgemeinen Gerichtsstand in Deutschland oder in einem anderen EU-Mitgliedstaat, ist ausschlie\u00dflich Gerichtsstand f\u00fcr s\u00e4mtliche Streitigkeiten aus diesem Vertrag unser Gesch\u00e4ftssitz.<\/p>\n<h4><span style=\"font-size: 10pt;\"><em>Stand: 12.2022<\/em><\/span><\/h4>\n<p><\/div><\/div><br \/>\n<\/div>\n<\/div>\n<\/div><\/div><\/div><\/div><div id=\"pg-2076-1\"  class=\"panel-grid panel-no-style\" ><div id=\"pgc-2076-1-0\"  class=\"panel-grid-cell\" ><div><div class=\"txo-shape-devider random-7551\"><div class=\"txo-bigtriangle-up\"><\/div><\/div><\/div><\/div><\/div><\/div>","protected":false},"excerpt":{"rendered":"<p>Allgemeine Gesch\u00e4ftsbedingungen f\u00fcr Kunden\/innen unseres Online-Shops 1. Allgemeines Alle Leistungen, die vom Onlineshop f\u00fcr den Kunden erbracht werden, erfolgen ausschlie\u00dflich auf der Grundlage der nachfolgenden Allgemeinen Gesch\u00e4ftsbedingungen. Abweichende Regelungen haben nur dann Geltung, wenn sie zwischen Onlineshop und Kunde gesondert vereinbart wurden. 2. Vertragsschluss 2.1 Die Angebote des Onlineshops im Internet stellen eine unverbindliche Aufforderung an den Kunden dar, im<\/p>\n<div class=\"read-more\"><a class=\"more-link\" href=\"https:\/\/www.jagdfallen-steingraf.de\/agb\">Read More &#8230;<\/a><\/div>\n","protected":false},"author":1,"featured_media":0,"parent":0,"menu_order":0,"comment_status":"closed","ping_status":"closed","template":"","meta":{"footnotes":""},"class_list":["post-2076","page","type-page","status-publish","hentry"],"_links":{"self":[{"href":"https:\/\/www.jagdfallen-steingraf.de\/index.php?rest_route=\/wp\/v2\/pages\/2076","targetHints":{"allow":["GET"]}}],"collection":[{"href":"https:\/\/www.jagdfallen-steingraf.de\/index.php?rest_route=\/wp\/v2\/pages"}],"about":[{"href":"https:\/\/www.jagdfallen-steingraf.de\/index.php?rest_route=\/wp\/v2\/types\/page"}],"author":[{"embeddable":true,"href":"https:\/\/www.jagdfallen-steingraf.de\/index.php?rest_route=\/wp\/v2\/users\/1"}],"replies":[{"embeddable":true,"href":"https:\/\/www.jagdfallen-steingraf.de\/index.php?rest_route=%2Fwp%2Fv2%2Fcomments&post=2076"}],"version-history":[{"count":0,"href":"https:\/\/www.jagdfallen-steingraf.de\/index.php?rest_route=\/wp\/v2\/pages\/2076\/revisions"}],"wp:attachment":[{"href":"https:\/\/www.jagdfallen-steingraf.de\/index.php?rest_route=%2Fwp%2Fv2%2Fmedia&parent=2076"}],"curies":[{"name":"wp","href":"https:\/\/api.w.org\/{rel}","templated":true}]}}